{"id":23981,"date":"2024-05-10T12:19:15","date_gmt":"2024-05-10T17:19:15","guid":{"rendered":"https:\/\/residencessoleil.ca\/?page_id=23981"},"modified":"2024-05-10T12:19:18","modified_gmt":"2024-05-10T17:19:18","slug":"privacy-policy-2","status":"publish","type":"page","link":"https:\/\/residencessoleil.ca\/en\/privacy-policy-2\/","title":{"rendered":"Privacy Policy"},"content":{"rendered":"\n<div class=\"wp-block-columns is-layout-flex wp-container-core-columns-is-layout-1 wp-block-columns-is-layout-flex\">\n<div class=\"wp-block-column is-layout-flow wp-block-column-is-layout-flow\">\n<h1 class=\"wp-block-heading\"><mark style=\"background-color:rgba(0, 0, 0, 0)\" class=\"has-inline-color has-primary-color\">Privacy Policy<\/mark><\/h1>\n\n\n\n<div style=\"height:30px\" aria-hidden=\"true\" class=\"wp-block-spacer\"><\/div>\n\n\n\n<p class=\"has-large-font-size\"><strong>Welcome to the Website of Les R\u00e9sidences Soleil. Your use of this Website indicates your agreement with the following Terms of Use.\u00a0<\/strong><\/p>\n<\/div>\n<\/div>\n\n\n\n<p><em><mark style=\"background-color:rgba(0, 0, 0, 0);color:#757575\" class=\"has-inline-color\">Last update: April 16, 2024<\/mark><\/em><\/p>\n\n\n<div class=\"wp-block-list\">\n<ul class=\"wp-block-list\">\n<li>Article 1 \u2013 <a href=\"#Article1\">Scope of application<\/a><\/li>\n\n\n\n<li>Article 2 \u2013 <a href=\"#Article2\">Data collected<\/a><\/li>\n\n\n\n<li>Article 3 \u2013 <a href=\"#Article3\">Main purposes of personal data processing<\/a><\/li>\n\n\n\n<li>Article 4 \u2013 <a href=\"#Article4\">Protection of your personal data<\/a><\/li>\n\n\n\n<li>Article 5 \u2013 <a href=\"#Article5\">Retention period for personal data<\/a><\/li>\n\n\n\n<li>Article 6 \u2013 <a href=\"#Article6\">Rights to personal data<\/a><\/li>\n\n\n\n<li>Article 7 \u2013 <a href=\"#Article7\">Cookies<\/a><\/li>\n\n\n\n<li>Article 8 \u2013 <a href=\"#Article8\">Anti-spam policy<\/a><\/li>\n\n\n\n<li>Article 9 \u2013 <a href=\"#Article9\">Contact<\/a><\/li>\n<\/ul>\n<\/div>\n\n\n<div style=\"height:20px\" aria-hidden=\"true\" class=\"wp-block-spacer\"><\/div>\n\n\n\n<p class=\"has-large-font-size\" id=\"Article1\"><strong><span style=\"color: #158dce;\">Our commitment to protecting and respecting your privacy is of great importance to us.<\/span><\/strong><br>We are committed to being as <strong>clear<\/strong> and <strong>transparent<\/strong> as possible about how we handle your personal information. This privacy policy explains in detail how we collect, use, store, protect and manage your information when you visit and interact with us via our website.\u00a0<\/p>\n\n\n\n<div style=\"height:30px\" aria-hidden=\"true\" class=\"wp-block-spacer\"><\/div>\n\n\n\n<div class=\"wp-block-columns alignfull has-background is-layout-flex wp-container-core-columns-is-layout-2 wp-block-columns-is-layout-flex\" style=\"background-color:#f7f7f7\">\n<div class=\"wp-block-column is-layout-flow wp-block-column-is-layout-flow\" style=\"flex-basis:440px\"><\/div>\n\n\n\n<div class=\"wp-block-column is-layout-flow wp-block-column-is-layout-flow\">\n<div style=\"height:0px;width:0px\" aria-hidden=\"true\" class=\"wp-block-spacer\"><\/div>\n\n\n\n<div class=\"wp-block-group is-nowrap is-layout-flex wp-container-core-group-is-layout-1 wp-block-group-is-layout-flex\">\n<h3 class=\"wp-block-heading\"><strong><strong>What are cookies?<\/strong><\/strong><\/h3>\n<\/div>\n\n\n\n<p class=\"has-large-font-size\"><strong>A cookie is a piece of information stored on your computer when you visit our website.\u00a0\u00a0<\/strong><br><br><\/p>\n\n\n\n<p>Cookies often store your settings for a website, such as your login status, preferred language or location. Its purpose is to store information about your interactions with the site, recognize your device and record data such as your preferences or previous actions.&nbsp;<\/p>\n\n\n\n<p><strong>Authorized by your consent, <\/strong>this cookie is stored on your device so that, on future visits, our site can offer you a personalized experience. Cookies may contain a variety of information, including personal data you may have provided through various interactions on the site, such as if you request to be contacted by our teams via a form, e-mail, etc. You have control over these cookies and may not be able to modify them.\u00a0<\/p>\n\n\n\n<p>You have control over these cookies and can modify your browser settings to accept or reject them, delete them automatically when you close your browser, and more (see details below).&nbsp;<\/p>\n\n\n\n<div style=\"height:70px;width:0px\" aria-hidden=\"true\" id=\"Article2\" class=\"wp-block-spacer\"><\/div>\n<\/div>\n\n\n\n<div class=\"wp-block-column is-layout-flow wp-block-column-is-layout-flow\" style=\"flex-basis:400px\"><\/div>\n<\/div>\n\n\n\n<div class=\"wp-block-group\"><div class=\"wp-block-group__inner-container is-layout-constrained wp-block-group-is-layout-constrained\">\n<h3 class=\"wp-block-heading\"><strong><strong>What personal information do we collect?<\/strong>\u00a0<\/strong><\/h3>\n\n\n\n<p class=\"has-large-font-size\">We limit the collection of your personal information to that which is necessary to fulfill the purposes for which it is collected. The following information may be collected when you visit our website:\u00a0<\/p>\n\n\n\n<div style=\"height:20px\" aria-hidden=\"true\" class=\"wp-block-spacer\"><\/div>\n\n\n<div class=\"wp-block-list\">\n<ul class=\"wp-block-list\">\n<li class=\"has-large-font-size\"><strong>Information collected automatically:<\/strong> usage and preference data, cookies and web beacons.<\/li>\n<\/ul>\n<\/div>\n\n\n<div style=\"height:30px\" aria-hidden=\"true\" class=\"wp-block-spacer\"><\/div>\n\n\n<div class=\"wp-block-list\">\n<ul class=\"wp-block-list\">\n<li class=\"has-large-font-size\"><strong>Information you provide voluntarily when you fill in a contact form:<\/strong> your name, postal address, telephone number, e-mail address, communication preferences.<\/li>\n<\/ul>\n<\/div>\n\n\n<div style=\"height:30px\" aria-hidden=\"true\" class=\"wp-block-spacer\"><\/div>\n\n\n<div class=\"wp-block-list\">\n<ul class=\"wp-block-list\">\n<li class=\"has-large-font-size\"><strong>Banking information when purchasing a short break online:<\/strong> payment card details such as your name, credit card number, expiry date and CVV code.\u00a0<\/li>\n<\/ul>\n<\/div>\n\n\n<div style=\"height:30px\" aria-hidden=\"true\" class=\"wp-block-spacer\"><\/div>\n\n\n<div class=\"wp-block-list\">\n<ul class=\"wp-block-list\">\n<li class=\"has-large-font-size\"><strong>Information contained in a curriculum vitae for recruitment purposes:<\/strong> previous work experience, education, training and other.\u00a0<\/li>\n<\/ul>\n<\/div><\/div><\/div>\n\n\n\n<div class=\"wp-block-group\"><div class=\"wp-block-group__inner-container is-layout-constrained wp-block-group-is-layout-constrained\">\n<h3 class=\"wp-block-heading\"><strong><strong><strong>How do we collect this information?<\/strong><\/strong>\u00a0<\/strong><\/h3>\n\n\n\n<div style=\"height:10px\" aria-hidden=\"true\" id=\"Article3\" class=\"wp-block-spacer\"><\/div>\n\n\n<div class=\"wp-block-list\">\n<ul class=\"wp-block-list\">\n<li><strong>Directly from you:<\/strong> When you voluntarily provide us with personal information via our website, e-mail, telephone or in person.\u00a0\u00a0<\/li>\n<\/ul>\n<\/div>\n\n\n<div style=\"height:30px\" aria-hidden=\"true\" class=\"wp-block-spacer\"><\/div>\n\n\n<div class=\"wp-block-list\">\n<ul class=\"wp-block-list\">\n<li><strong>Through a third party:<\/strong> A family member, friend or acquaintance may contact us on your behalf to obtain information about our residences and services.\u00a0\u00a0<\/li>\n<\/ul>\n<\/div>\n\n\n<div style=\"height:30px\" aria-hidden=\"true\" class=\"wp-block-spacer\"><\/div>\n\n\n<div class=\"wp-block-list\">\n<ul class=\"wp-block-list\">\n<li><strong>Via our website:<\/strong> When you visit our Web site, we use electronic means such as cookies to collect technical information about your use of the Web site, your browsing preferences, your IP address, your language settings, the Web site you came from, the keywords you searched for, the pages you viewed, the items you clicked on and the advertisements you saw.\u00a0<br>\u25cb A cookie is a data file stored by your browser on your computer, tablet or mobile device. This file contains information that can identify you each time you visit the same website. It is important to know that this cookie cannot establish your personal identity since the data is non-identifying.\u00a0<\/li>\n<\/ul>\n<\/div>\n\n\n<div style=\"height:30px\" aria-hidden=\"true\" class=\"wp-block-spacer\"><\/div>\n\n\n<div class=\"wp-block-list\">\n<ul class=\"wp-block-list\">\n<li><strong>Google Adwords, Microsoft Advertising and FacebookAds:<\/strong> We use the remarketing service of the Google AdWords, Microsoft Advertising and FacebookAds platforms to advertise on third-party websites to visitors who have passed through our website. Remarketing displays targeted advertisements based on the pages of our website you have visited by placing a cookie on your web browser.\u00a0<\/li>\n<\/ul>\n<\/div>\n\n\n<div style=\"height:30px\" aria-hidden=\"true\" class=\"wp-block-spacer\"><\/div>\n\n\n<div class=\"wp-block-list\">\n<ul class=\"wp-block-list\">\n<li><strong>Job application: <\/strong>We collect the personal information you include in your r\u00e9sum\u00e9 when you apply for a position at R\u00e9sidences Soleil for recruitment purposes only.\u00a0<\/li>\n<\/ul>\n<\/div><\/div><\/div>\n\n\n\n<div style=\"height:10px\" aria-hidden=\"true\" id=\"Article4\" class=\"wp-block-spacer\"><\/div>\n\n\n\n<div class=\"wp-block-group\"><div class=\"wp-block-group__inner-container is-layout-constrained wp-block-group-is-layout-constrained\">\n<h3 class=\"wp-block-heading\"><strong><strong>How is your information used and for what purpose?<\/strong>\u00a0<\/strong><\/h3>\n\n\n\n<p class=\"has-large-font-size\">We do not use or disclose personal information other than for the purposes for which it was collected in accordance with this policy. We do not sell or share your personal information with other companies under any circumstances, except in accordance with applicable laws. We use the information we collect in order to provide, understand, improve and develop our services and website, including for the following purposes:\u00a0\u00a0<\/p>\n\n\n\n<div style=\"height:30px\" aria-hidden=\"true\" class=\"wp-block-spacer\"><\/div>\n\n\n<div class=\"wp-block-list\">\n<ul class=\"wp-block-list\">\n<li>Responding to your inquiries and providing you with requested information;\u00a0<\/li>\n\n\n\n<li>To send you newsletters and marketing communications, if you have given your prior consent;\u00a0<\/li>\n\n\n\n<li>Enhance and personalize your experience on our website;<\/li>\n\n\n\n<li>Provide services and information related to our residences;\u00a0<\/li>\n\n\n\n<li>To make hiring decisions;\u00a0<\/li>\n\n\n\n<li>For targeted advertising purposes.\u00a0<\/li>\n<\/ul>\n<\/div><\/div><\/div>\n\n\n\n<div class=\"wp-block-group\"><div class=\"wp-block-group__inner-container is-layout-constrained wp-block-group-is-layout-constrained\">\n<h3 class=\"wp-block-heading\"><strong><strong>How do we protect your information?<\/strong><\/strong><\/h3>\n\n\n\n<p class=\"has-large-font-size\" id=\"Article5\">We take physical and electronic security measures to protect us against unauthorized use, access, modification, destruction, disclosure, loss or theft of your personal information, including:<\/p>\n\n\n\n<div style=\"height:30px\" aria-hidden=\"true\" class=\"wp-block-spacer\"><\/div>\n\n\n<div class=\"wp-block-list\">\n<ul class=\"wp-block-list\">\n<li class=\"has-large-font-size\">Secure storage of information with appropriate computer security measures.<\/li>\n\n\n\n<li class=\"has-large-font-size\">Restricting access to personal information to authorized employees and trusted third parties who require access;<\/li>\n\n\n\n<li class=\"has-large-font-size\">All employees of Les R\u00e9sidences Soleil are required, as a condition of employment, to protect and treat the personal information they consult or handle as confidential.\u00a0\u00a0\u00a0<\/li>\n\n\n\n<li class=\"has-large-font-size\">Encryption measures to protect sensitive information during transmission.<\/li>\n<\/ul>\n<\/div><\/div><\/div>\n\n\n\n<div class=\"wp-block-group\"><div class=\"wp-block-group__inner-container is-layout-constrained wp-block-group-is-layout-constrained\">\n<h3 class=\"wp-block-heading\"><strong><strong>How long do we keep your information?<\/strong><\/strong><\/h3>\n\n\n\n<p class=\"has-large-font-size\" id=\"Article6\">We retain your personal information for as long as is necessary for the original purposes for which it was collected. Where we have no justified need to process your personal information on an ongoing basis, or where applicable law requires us to do so, we will delete it. If immediate deletion is not possible (e.g. for archival purposes), we will store your data securely and isolate it from further processing until deletion is possible.<\/p>\n<\/div><\/div>\n\n\n\n<div class=\"wp-block-group\"><div class=\"wp-block-group__inner-container is-layout-constrained wp-block-group-is-layout-constrained\">\n<h3 class=\"wp-block-heading\"><strong><strong>What are your rights?<\/strong><\/strong><\/h3>\n\n\n\n<p class=\"has-large-font-size\">In accordance with applicable law, you have the following rights, subject to certain conditions and exceptions:<\/p>\n\n\n\n<div style=\"height:30px\" aria-hidden=\"true\" class=\"wp-block-spacer\"><\/div>\n\n\n<div class=\"wp-block-list\">\n<ul class=\"wp-block-list\">\n<li class=\"has-large-font-size\">Request access to your personal information held by us.<\/li>\n\n\n\n<li class=\"has-large-font-size\">Update or correct inaccurate personal information.<\/li>\n\n\n\n<li class=\"has-large-font-size\">Request the deletion of your personal information from our system.<\/li>\n\n\n\n<li class=\"has-large-font-size\">Withdraw your consent to the collection and use of your personal information.<\/li>\n<\/ul>\n<\/div>\n\n\n<div style=\"height:30px\" aria-hidden=\"true\" class=\"wp-block-spacer\"><\/div>\n\n\n\n<p class=\"has-large-font-size\" id=\"Article7\">All requests concerning your personal information should be sent to <strong><span style=\"color: #158dce;\">Les R\u00e9sidences Soleil Head Office to the attention of the Privacy Officer <\/span><\/strong>(see contact details below). <br><br>We will endeavor to respond to such requests <strong><span style=\"color: #158dce;\">within thirty (30) business days<\/span><\/strong> of receipt or within such other period of time as is reasonable based on the type of request received. Before providing, correcting or deleting personal information, we may ask you for additional information to verify your identity or to properly respond to your request.&nbsp;<\/p>\n\n\n\n<p class=\"has-large-font-size\">Compliance with data protection and privacy laws and regulations is a priority for us. In the event of a breach of confidentiality, we will take all necessary measures to limit the damage, assess the impact on the persons concerned, and provide the required notices through a transparent communication process that complies with current legislation.<\/p>\n<\/div><\/div>\n\n\n\n<div class=\"wp-block-group\"><div class=\"wp-block-group__inner-container is-layout-constrained wp-block-group-is-layout-constrained\">\n<h3 class=\"wp-block-heading\"><strong><strong>Here are the cookies we use<\/strong>\u00a0<\/strong><\/h3>\n\n\n\n<p class=\"has-large-font-size\">These cookies may be of different types:\u00a0<\/p>\n\n\n\n<div class=\"wp-block-columns is-layout-flex wp-container-core-columns-is-layout-3 wp-block-columns-is-layout-flex\">\n<div class=\"wp-block-column is-layout-flow wp-block-column-is-layout-flow\">\n<p class=\"has-large-font-size\"><strong><span style=\"color: #158dce;\"><u>Necessary cookies:<\/u><\/span><\/strong> they help make the site usable by enabling basic functions such as page navigation and access to secure areas of the site. The site cannot function properly without them.&nbsp;<\/p>\n<\/div>\n\n\n\n<div class=\"wp-block-column is-layout-flow wp-block-column-is-layout-flow\">\n<p class=\"has-large-font-size\"><strong><span style=\"color: #158dce;\"><u>Analytical and advertising cookies:<\/u><\/span><\/strong> these are used to understand how visitors interact with the website. These cookies help provide information on the number of visitors, bounce rate, source of traffic, etc.&nbsp;<\/p>\n<\/div>\n<\/div>\n<\/div><\/div>\n\n\n\n<div class=\"wp-block-group\"><div class=\"wp-block-group__inner-container is-layout-constrained wp-block-group-is-layout-constrained\">\n<h3 class=\"wp-block-heading\"><strong><strong>How can you manage your cookie preferences?<\/strong><\/strong><\/h3>\n\n\n\n<p class=\"has-large-font-size\">You must give your consent for cookies to be stored. You consent to the storage of cookies, the information about which is displayed on the banner visible when you first connect to the site.&nbsp;<br><br>By clicking on the <strong><span style=\"color: #158dce;\">&#8220;Accept all&#8221;<\/span><\/strong> button, consent is given and remains valid for a maximum of one (1) year from the date of authorization.&nbsp;&nbsp;<br><br>By clicking on the <strong><span style=\"color: #158dce;\">&#8220;Manage preferences&#8221;<\/span><\/strong> button, you can choose which cookies are permitted.<br><br>You can view the list of cookies and their purposes by clicking on the <strong><span style=\"color: #158dce;\">&#8220;View details&#8221;<\/span><\/strong> button.&nbsp;<\/p>\n\n\n\n<div style=\"height:30px\" aria-hidden=\"true\" class=\"wp-block-spacer\"><\/div>\n\n\n\n<div class=\"wp-block-columns has-background is-layout-flex wp-container-core-columns-is-layout-4 wp-block-columns-is-layout-flex\" style=\"background-color:#f3f3f3\">\n<div class=\"wp-block-column is-layout-flow wp-block-column-is-layout-flow\" style=\"flex-basis:30px\"><\/div>\n\n\n\n<div class=\"wp-block-column is-layout-flow wp-block-column-is-layout-flow\">\n<p><strong><span style=\"color: #158dce;\">Please note:<\/span><\/strong> Necessary cookies cannot be refused, as they are necessary for the operation of the site and the provision of our services. Analytical cookies, which are used solely for audience measurement purposes, are deposited as soon as you enter the site, but can be refused by configuring them in the site manager. If you refuse to accept cookies, you are informed that your browsing and experience on the site may be impaired.&nbsp;<\/p>\n<\/div>\n\n\n\n<div class=\"wp-block-column is-layout-flow wp-block-column-is-layout-flow\" style=\"flex-basis:30px\"><\/div>\n<\/div>\n\n\n\n<div style=\"height:30px\" aria-hidden=\"true\" class=\"wp-block-spacer\"><\/div>\n\n\n\n<p class=\"has-large-font-size\" id=\"Article8\">You can also browse the links below, which contain comprehensive information on how to delete cookies in various browsers:<\/p>\n\n\n<div class=\"wp-block-list\">\n<ul class=\"wp-block-list\">\n<li class=\"has-large-font-size\"><a href=\"https:\/\/support.microsoft.com\/fr-fr\/windows\/supprimer-et-g%C3%A9rer-les-cookies-168dab11-0753-043d-7c16-ede5947fc64d\" target=\"_blank\" rel=\"noreferrer noopener\">Cookie settings in Internet Explorer<\/a><\/li>\n\n\n\n<li class=\"has-large-font-size\"><a href=\"https:\/\/support.mozilla.org\/fr\/kb\/cookies-informations-sites-enregistrent?redirectlocale=en-US&amp;redirectslug=Cookies\" target=\"_blank\" rel=\"noreferrer noopener\">Cookie settings in Firefox<\/a><\/li>\n\n\n\n<li class=\"has-large-font-size\"><a href=\"https:\/\/support.google.com\/chrome\/answer\/95647?hl=fr\" target=\"_blank\" rel=\"noreferrer noopener\">Cookie settings in Chrome<\/a><\/li>\n\n\n\n<li class=\"has-large-font-size\"><a href=\"https:\/\/support.apple.com\/fr-ca\/HT201265\" target=\"_blank\" rel=\"noreferrer noopener\">Safari cookie settings<\/a><\/li>\n<\/ul>\n<\/div>\n\n\n<div style=\"height:30px\" aria-hidden=\"true\" class=\"wp-block-spacer\"><\/div>\n\n\n\n<p class=\"has-large-font-size\">Our site also features buttons leading to our social networks. Please note that this privacy and cookie policy does not apply to these platforms.\u00a0<\/p>\n\n\n\n<h3 class=\"wp-block-heading\" id=\"contact\"><strong><strong>What are our spam policies?<\/strong><\/strong><\/h3>\n\n\n\n<p class=\"has-large-font-size\" id=\"Article9\"><strong><span style=\"color: #158dce;\">We also comply with Canada&#8217;s anti-spam legislation.<\/span><\/strong> To this end, we are committed to ensuring that people who subscribe to our newsletters do not receive unsolicited electronic messages. If you receive a message from Les R\u00e9sidences Soleil that you consider to be spam, please do not hesitate to contact our Privacy Officer at the address below.&nbsp;<\/p>\n\n\n\n<h3 class=\"wp-block-heading\"><strong><strong>How can I contact the Privacy Officer?<\/strong>\u00a0<\/strong><\/h3>\n\n\n\n<p class=\"has-large-font-size\">If you have any questions or concerns about our privacy policy or how we handle your personal information, please contact us at:<\/p>\n\n\n\n<p class=\"has-large-font-size\"><strong>To the attention of the Privacy Officer\u00a0<br>Les R\u00e9sidences Soleil \u2013 Famille Savoie\u00a0<br>549 Verrazano Street\u00a0<br>Boucherville, QC J4B 7W2<\/strong>\u00a0<\/p>\n\n\n\n<p class=\"has-large-font-size\"><strong><u>Or<\/u><\/strong><br><br>At email: <a href=\"mailto:vieprivee@residencessoleil.ca\"><a href=\"mailto:vieprivee@residencessoleil.ca\" target=\"_blank\" rel=\"noreferrer noopener\">vieprivee@residencessoleil.ca<\/a><\/a><\/p>\n\n\n\n<div style=\"height:20px\" aria-hidden=\"true\" class=\"wp-block-spacer\"><\/div>\n\n\n\n<hr class=\"wp-block-separator has-text-color has-alpha-channel-opacity has-background is-style-wide\" style=\"background-color:#d9d9d9;color:#d9d9d9\"\/>\n\n\n\n<p class=\"has-large-font-size\"><em>By using our website, you accept this privacy policy and consent to our collection, use and management of your personal information as described in this policy.\u00a0<\/em><\/p>\n\n\n\n<div style=\"height:30px\" aria-hidden=\"true\" class=\"wp-block-spacer\"><\/div>\n\n\n\n<p class=\"has-large-font-size\">The provisions of the present <strong><span style=\"color: #158dce;\">Les R\u00e9sidences Soleil Privacy Policy<\/span><\/strong> may be modified in accordance with legal and regulatory developments. In this case, the modifications will take effect on the date of the update indicated at the top of this page. By continuing to use the site after this date, you accept the changes made.&nbsp;<\/p>\n\n\n\n<p class=\"has-large-font-size\"><strong><span style=\"color: #158dce;\">The provisions of the present Les R\u00e9sidences Soleil Privacy Policy may be modified in accordance with legal and regulatory developments.<\/span><\/strong> In this case, the modifications will take effect on the date of the update indicated at the top of this page. By continuing to use the site after this date, you accept the changes made.&nbsp;<\/p>\n\n\n\n<div style=\"height:30px\" aria-hidden=\"true\" class=\"wp-block-spacer\"><\/div>\n<\/div><\/div>\n","protected":false},"excerpt":{"rendered":"<p>Privacy Policy Welcome to the Website of Les R\u00e9sidences Soleil. Your use of this Website indicates your agreement with the following Terms of Use.\u00a0 Last update: April 16, 2024 Our commitment to protecting and respecting your privacy is of great importance to us.We are committed to being as clear and transparent as possible about how &hellip;<\/p>\n","protected":false},"author":17,"featured_media":0,"parent":0,"menu_order":0,"comment_status":"closed","ping_status":"closed","template":"","meta":{"_acf_changed":false,"om_disable_all_campaigns":false,"_relevanssi_hide_post":"","_relevanssi_hide_content":"","_relevanssi_pin_for_all":"","_relevanssi_pin_keywords":"","_relevanssi_unpin_keywords":"","_relevanssi_related_keywords":"","_relevanssi_related_include_ids":"","_relevanssi_related_exclude_ids":"","_relevanssi_related_no_append":"","_relevanssi_related_not_related":"","_relevanssi_related_posts":"1542,18473,1644,1652,1692,1571","_relevanssi_noindex_reason":"","footnotes":""},"global_category":[],"class_list":["post-23981","page","type-page","status-publish","hentry"],"acf":[],"_links":{"self":[{"href":"https:\/\/residencessoleil.ca\/en\/wp-json\/wp\/v2\/pages\/23981","targetHints":{"allow":["GET"]}}],"collection":[{"href":"https:\/\/residencessoleil.ca\/en\/wp-json\/wp\/v2\/pages"}],"about":[{"href":"https:\/\/residencessoleil.ca\/en\/wp-json\/wp\/v2\/types\/page"}],"author":[{"embeddable":true,"href":"https:\/\/residencessoleil.ca\/en\/wp-json\/wp\/v2\/users\/17"}],"replies":[{"embeddable":true,"href":"https:\/\/residencessoleil.ca\/en\/wp-json\/wp\/v2\/comments?post=23981"}],"version-history":[{"count":5,"href":"https:\/\/residencessoleil.ca\/en\/wp-json\/wp\/v2\/pages\/23981\/revisions"}],"predecessor-version":[{"id":23986,"href":"https:\/\/residencessoleil.ca\/en\/wp-json\/wp\/v2\/pages\/23981\/revisions\/23986"}],"wp:attachment":[{"href":"https:\/\/residencessoleil.ca\/en\/wp-json\/wp\/v2\/media?parent=23981"}],"wp:term":[{"taxonomy":"global_category","embeddable":true,"href":"https:\/\/residencessoleil.ca\/en\/wp-json\/wp\/v2\/global_category?post=23981"}],"curies":[{"name":"wp","href":"https:\/\/api.w.org\/{rel}","templated":true}]}}