{"id":2572,"date":"2020-08-03T19:33:23","date_gmt":"2020-08-03T19:33:23","guid":{"rendered":"https:\/\/residencessoleil.ca\/?page_id=2572"},"modified":"2026-03-02T09:55:35","modified_gmt":"2026-03-02T14:55:35","slug":"jobs","status":"publish","type":"page","link":"https:\/\/residencessoleil.ca\/en\/jobs\/","title":{"rendered":"Jobs"},"content":{"rendered":"\n<div class=\"wp-block-columns wp-embed-aspect-16-9 wp-has-aspect-ratio is-layout-flex wp-container-core-columns-is-layout-1 wp-block-columns-is-layout-flex\">\n<div class=\"wp-block-column is-layout-flow wp-block-column-is-layout-flow\">\n<h1 class=\"wp-block-heading has-text-align-center\"><mark style=\"background-color:rgba(0, 0, 0, 0);color:#158dce\" class=\"has-inline-color\">Jobs<\/mark><\/h1>\n\n\n\n<p class=\"has-text-align-center is-style-default has-large-font-size\"><strong><strong>Over 2,000 passionate and dedicated employees serving seniors<\/strong><\/strong><\/p>\n<\/div>\n<\/div>\n\n\n\n<div class=\"wp-block-columns wp-embed-aspect-16-9 wp-has-aspect-ratio is-layout-flex wp-container-core-columns-is-layout-3 wp-block-columns-is-layout-flex\">\n<div class=\"wp-block-column is-layout-flow wp-block-column-is-layout-flow\">\n<h3 class=\"wp-block-heading\"><mark style=\"background-color: rgba(0, 0, 0, 0);\" class=\"has-inline-color\"><strong><font color=\"#158dce\">Apply now and join us!<\/font><\/strong><\/mark><\/h3>\n\n\n\n<div style=\"height:50px\" aria-hidden=\"true\" class=\"wp-block-spacer\"><\/div>\n\n\n\n<div class=\"wp-block-columns is-layout-flex wp-container-core-columns-is-layout-2 wp-block-columns-is-layout-flex\">\n<div class=\"wp-block-column is-layout-flow wp-block-column-is-layout-flow\">\n<figure class=\"wp-block-embed is-type-video is-provider-youtube wp-block-embed-youtube wp-embed-aspect-16-9 wp-has-aspect-ratio\"><div class=\"wp-block-embed__wrapper\">\n<iframe loading=\"lazy\" title=\"Les R\u00e9sidences Soleil - Pr\u00e9pos\u00e9e aux r\u00e9sidents\" width=\"500\" height=\"281\" src=\"https:\/\/www.youtube.com\/embed\/DGcNY2v3YkY?feature=oembed\" frameborder=\"0\" allow=\"accelerometer; autoplay; clipboard-write; encrypted-media; gyroscope; picture-in-picture; web-share\" referrerpolicy=\"strict-origin-when-cross-origin\" allowfullscreen><\/iframe>\n<\/div><\/figure>\n<\/div>\n\n\n\n<div class=\"wp-block-column is-layout-flow wp-block-column-is-layout-flow\">\n<div style=\"height:10px\" aria-hidden=\"true\" class=\"wp-block-spacer\"><\/div>\n\n\n\n<p class=\"has-large-font-size\" id=\"block-83a1e7fc-d589-4c03-901d-d399b5d91f4c\">\u201c<strong>Les Residences Soleil<\/strong> it\u2019s a unique relationship not only with residents, but also with your colleagues.&nbsp;You will be part of a team where respect and mutual support are key values.&nbsp;For us, each employee, through their contribution and commitment, plays an important role in the success of the company.&nbsp;After all, it is thanks to our dedicated staff that we can make such a difference in the lives of seniors today!\u201d \u2013 Alyssa Gr\u00e9goire<\/p>\n\n\n\n<p class=\"has-text-align-left has-large-font-size\"><strong>For more than 35 years, we have employed people of heart!<\/strong><\/p>\n<\/div>\n<\/div>\n<\/div>\n<\/div>\n\n\n\n<h5 class=\"wp-block-heading has-text-align-center has-large-font-size\">You can also express your interest by writing to:&nbsp;<a href=\"mailto:rh@residencessoleil.ca\">rh@residencessoleil.ca<\/a><\/h5>\n\n\n\n<div style=\"display: flex; justify-content: center;\">\n  <div class=\"wp-block-button has-custom-width wp-block-button__width-75 has-custom-font-size is-style-fill has-small-font-size\">\n    <a class=\"wp-block-button__link has-primary-background-color has-text-color has-background has-link-color wp-element-button\" href=\"https:\/\/residencessoleil.ca\/en\/jobs\/#career\" style=\"border-radius:0px;color:#ffffff; padding:21px;\" rel=\"noopener\">See available jobs<\/a>\n  <\/div>\n<\/div>\n\n\n\n<div style=\"height:30px\" aria-hidden=\"true\" class=\"wp-block-spacer\"><\/div>\n\n\n\n<div class=\"wp-block-columns are-vertically-aligned-center is-layout-flex wp-container-core-columns-is-layout-4 wp-block-columns-is-layout-flex\">\n<div class=\"wp-block-column is-vertically-aligned-center is-layout-flow wp-block-column-is-layout-flow\">\n<figure class=\"wp-block-embed is-type-video is-provider-youtube wp-block-embed-youtube wp-embed-aspect-16-9 wp-has-aspect-ratio\"><div class=\"wp-block-embed__wrapper\">\n<iframe loading=\"lazy\" title=\"Les R\u00e9sidences Soleil - Infirmi\u00e8re auxiliaire\" width=\"500\" height=\"281\" src=\"https:\/\/www.youtube.com\/embed\/ZjTISDGtjaQ?feature=oembed\" frameborder=\"0\" allow=\"accelerometer; autoplay; clipboard-write; encrypted-media; gyroscope; picture-in-picture; web-share\" referrerpolicy=\"strict-origin-when-cross-origin\" allowfullscreen><\/iframe>\n<\/div><\/figure>\n\n\n\n<p class=\"has-text-align-center\"><span style=\"color:#158dce\">Heba Contreras&nbsp;<\/span>&#8211; Practical nurse<\/p>\n<\/div>\n\n\n\n<div class=\"wp-block-column is-vertically-aligned-center is-layout-flow wp-block-column-is-layout-flow\">\n<figure class=\"wp-block-embed is-type-video is-provider-youtube wp-block-embed-youtube wp-embed-aspect-16-9 wp-has-aspect-ratio\"><div class=\"wp-block-embed__wrapper\">\n<iframe loading=\"lazy\" title=\"Les R\u00e9sidences Soleil - Directrice de cuisine\" width=\"500\" height=\"281\" src=\"https:\/\/www.youtube.com\/embed\/99vgAA08qOI?feature=oembed\" frameborder=\"0\" allow=\"accelerometer; autoplay; clipboard-write; encrypted-media; gyroscope; picture-in-picture; web-share\" referrerpolicy=\"strict-origin-when-cross-origin\" allowfullscreen><\/iframe>\n<\/div><\/figure>\n\n\n\n<p class=\"has-text-align-center\"><span style=\"color:#158dce\">Sonia Gilbert<\/span> &#8211; Kitchen Manager<\/p>\n<\/div>\n<\/div>\n\n\n\n<h4><strong><strong><span style=\"color:#158dce\">Our benefits !<\/span><\/strong><\/strong><\/h4>\n\n\n\n<div class=\"wp-block-columns is-layout-flex wp-container-core-columns-is-layout-5 wp-block-columns-is-layout-flex\">\n<div class=\"wp-block-column is-layout-flow wp-block-column-is-layout-flow\"><div class=\"wp-block-list\">\n<ul class=\"wp-block-list\">\n<li class=\"has-large-font-size\">Rewarding work environment and stable customer&nbsp;<\/li>\n\n\n\n<li class=\"has-large-font-size\">Warm family atmosphere<\/li>\n\n\n\n<li class=\"has-large-font-size\">Motivating challenges and many advancement&nbsp;opportunities&nbsp;<\/li>\n\n\n\n<li class=\"has-large-font-size\">Competitive salaries and yearly salary increase<\/li>\n\n\n\n<li class=\"has-large-font-size\">Referral bonuses<\/li>\n\n\n\n<li class=\"has-large-font-size\">Uniform Reimbursement Program (if required)<\/li>\n\n\n\n<li class=\"has-large-font-size\">Meal provided per shift<\/li>\n\n\n\n<li class=\"has-large-font-size\">Statutory Holidays, Sick days and birthday<\/li>\n<\/ul>\n<\/div><\/div>\n\n\n\n<div class=\"wp-block-column is-layout-flow wp-block-column-is-layout-flow\"><div class=\"wp-block-list\">\n<ul class=\"wp-block-list\">\n<li class=\"has-large-font-size\">Work schedule adapted according to your availability<\/li>\n\n\n\n<li class=\"has-large-font-size\">Group insurance&nbsp;<\/li>\n\n\n\n<li class=\"has-large-font-size\">Training included and paid upon hire<\/li>\n\n\n\n<li class=\"has-large-font-size\">Proximity to public transit<\/li>\n\n\n\n<li class=\"has-large-font-size\">100% Quebec family business<\/li>\n\n\n\n<li class=\"has-large-font-size\">Industry pioneer since 1988<\/li>\n\n\n\n<li class=\"has-large-font-size\">2026 Canada\u2019s Best Managed Companies Award<\/li>\n<\/ul>\n<\/div><\/div>\n<\/div>\n","protected":false},"excerpt":{"rendered":"<p>Jobs Over 2,000 passionate and dedicated employees serving seniors Apply now and join us! \u201cLes Residences Soleil it\u2019s a unique relationship not only with residents, but also with your colleagues.&nbsp;You will be part of a team where respect and mutual support are key values.&nbsp;For us, each employee, through their contribution and commitment, plays an important &hellip;<\/p>\n","protected":false},"author":2,"featured_media":0,"parent":0,"menu_order":0,"comment_status":"closed","ping_status":"closed","template":"template-career.php","meta":{"_acf_changed":false,"om_disable_all_campaigns":false,"_relevanssi_hide_post":"","_relevanssi_hide_content":"","_relevanssi_pin_for_all":"","_relevanssi_pin_keywords":"","_relevanssi_unpin_keywords":"","_relevanssi_related_keywords":"","_relevanssi_related_include_ids":"","_relevanssi_related_exclude_ids":"","_relevanssi_related_no_append":"","_relevanssi_related_not_related":"","_relevanssi_related_posts":"407,395,384,397,377","_relevanssi_noindex_reason":"","footnotes":""},"global_category":[],"class_list":["post-2572","page","type-page","status-publish","hentry"],"acf":[],"_links":{"self":[{"href":"https:\/\/residencessoleil.ca\/en\/wp-json\/wp\/v2\/pages\/2572","targetHints":{"allow":["GET"]}}],"collection":[{"href":"https:\/\/residencessoleil.ca\/en\/wp-json\/wp\/v2\/pages"}],"about":[{"href":"https:\/\/residencessoleil.ca\/en\/wp-json\/wp\/v2\/types\/page"}],"author":[{"embeddable":true,"href":"https:\/\/residencessoleil.ca\/en\/wp-json\/wp\/v2\/users\/2"}],"replies":[{"embeddable":true,"href":"https:\/\/residencessoleil.ca\/en\/wp-json\/wp\/v2\/comments?post=2572"}],"version-history":[{"count":8,"href":"https:\/\/residencessoleil.ca\/en\/wp-json\/wp\/v2\/pages\/2572\/revisions"}],"predecessor-version":[{"id":36505,"href":"https:\/\/residencessoleil.ca\/en\/wp-json\/wp\/v2\/pages\/2572\/revisions\/36505"}],"wp:attachment":[{"href":"https:\/\/residencessoleil.ca\/en\/wp-json\/wp\/v2\/media?parent=2572"}],"wp:term":[{"taxonomy":"global_category","embeddable":true,"href":"https:\/\/residencessoleil.ca\/en\/wp-json\/wp\/v2\/global_category?post=2572"}],"curies":[{"name":"wp","href":"https:\/\/api.w.org\/{rel}","templated":true}]}}