{"id":4213,"date":"2020-09-10T15:40:23","date_gmt":"2020-09-10T15:40:23","guid":{"rendered":"https:\/\/residencessoleil.ca\/a-propos-en\/valeurs\/"},"modified":"2026-01-07T15:54:29","modified_gmt":"2026-01-07T20:54:29","slug":"principles","status":"publish","type":"page","link":"https:\/\/residencessoleil.ca\/en\/about-us\/principles\/","title":{"rendered":"Social mission, our values"},"content":{"rendered":"\n<div class=\"wp-block-columns is-layout-flex wp-container-core-columns-is-layout-1 wp-block-columns-is-layout-flex\">\n<div class=\"wp-block-column is-layout-flow wp-block-column-is-layout-flow\">\n<h1 class=\"wp-block-heading has-text-align-center\"><mark style=\"background-color:rgba(0, 0, 0, 0);color:#158dce\" class=\"has-inline-color\"><strong>Social mission<\/strong><\/mark><\/h1>\n\n\n\n<p class=\"has-text-align-center\"><strong>We like to keep it simple and to the point. Beyond our mission and vision, we have always focused on our \u201craison d&#8217;\u00eatre\u201d:<\/strong><br><strong>why we exist and what is our contribution to society.<\/strong><\/p>\n<\/div>\n<\/div>\n\n\n\n<div class=\"wp-block-columns is-layout-flex wp-container-core-columns-is-layout-2 wp-block-columns-is-layout-flex\">\n<div class=\"wp-block-column is-layout-flow wp-block-column-is-layout-flow\">\n<h3 class=\"wp-block-heading\"><strong><strong><font color=\"#0090d7\">Our Purpose&nbsp;:&nbsp;<\/font><\/strong><font color=\"#0090d7\">To improve seniors&#8217; well-being.<\/font><\/strong><\/h3>\n\n\n\n<p class=\"has-large-font-size\">And then, on a daily basis, it&#8217;s all about the family values that guide each day and each decision.&nbsp;They shape the lives of thousands of people.<\/p>\n\n\n\n<p class=\"has-large-font-size\"><strong>Guided by this family spirit, we advocate :<\/strong><\/p>\n\n\n<div class=\"wp-block-list\">\n<ul class=\"wp-block-list\">\n<li class=\"has-large-font-size\">Kindness<\/li>\n\n\n\n<li class=\"has-large-font-size\">Respect<\/li>\n\n\n\n<li class=\"has-large-font-size\">Honesty<\/li>\n\n\n\n<li class=\"has-large-font-size\">Mutual support<\/li>\n\n\n\n<li class=\"has-large-font-size\">Sense of duty<\/li>\n\n\n\n<li class=\"has-large-font-size\">Ethics<\/li>\n<\/ul>\n<\/div>\n\n\n<p class=\"has-large-font-size\">We are extremely proud to say that we form<strong> <font color=\"#0090d7\">the most attractive and largest family in Quebec<\/font><\/strong>, with all our residents, their families and loved ones, our employees and their families, and our collaborators. This is how we see and promote our family spirit, the great Soleil Family.<\/p>\n<\/div>\n<\/div>\n\n\n\n<div class=\"wp-block-columns is-layout-flex wp-container-core-columns-is-layout-4 wp-block-columns-is-layout-flex\">\n<div class=\"wp-block-column is-layout-flow wp-block-column-is-layout-flow\">\n<h3 class=\"wp-block-heading\"><strong><strong><font color=\"#0090d7\">Social Mission<\/font><\/strong><\/strong><\/h3>\n\n\n\n<div class=\"wp-block-columns is-layout-flex wp-container-core-columns-is-layout-3 wp-block-columns-is-layout-flex\">\n<div class=\"wp-block-column is-layout-flow wp-block-column-is-layout-flow\" style=\"flex-basis:25%\">\n<figure class=\"wp-block-image size-large\"><img decoding=\"async\" width=\"1280\" height=\"1281\" src=\"https:\/\/residencessoleil.ca\/wp-content\/uploads\/2025\/07\/French-Grey-Photography-Brian-Wright-106-edited.jpg\" alt=\"\" class=\"wp-image-32683\" srcset=\"https:\/\/residencessoleil.ca\/wp-content\/uploads\/2025\/07\/French-Grey-Photography-Brian-Wright-106-edited.jpg 1280w, https:\/\/residencessoleil.ca\/wp-content\/uploads\/2025\/07\/French-Grey-Photography-Brian-Wright-106-edited-300x300.jpg 300w, https:\/\/residencessoleil.ca\/wp-content\/uploads\/2025\/07\/French-Grey-Photography-Brian-Wright-106-edited-1024x1024.jpg 1024w, https:\/\/residencessoleil.ca\/wp-content\/uploads\/2025\/07\/French-Grey-Photography-Brian-Wright-106-edited-150x150.jpg 150w, https:\/\/residencessoleil.ca\/wp-content\/uploads\/2025\/07\/French-Grey-Photography-Brian-Wright-106-edited-768x769.jpg 768w, https:\/\/residencessoleil.ca\/wp-content\/uploads\/2025\/07\/French-Grey-Photography-Brian-Wright-106-edited-400x400.jpg 400w\" sizes=\"(max-width: 1280px) 100vw, 1280px\" \/><\/figure>\n<\/div>\n\n\n\n<div class=\"wp-block-column is-layout-flow wp-block-column-is-layout-flow\" style=\"flex-basis:80%\">\n<div style=\"height:15px\" aria-hidden=\"true\" class=\"wp-block-spacer\"><\/div>\n\n\n\n<blockquote class=\"wp-block-quote has-text-align-left is-style-large has-large-font-size is-layout-flow wp-block-quote-is-layout-flow\">\n<p class=\"has-large-font-size\">\u201c All of Quebec&#8217;s seniors should be able to enjoy retirement in a place that is safe, evolving, stimulating and attentive to all their current and future needs. Our extended family is doing everything in its power to ensure this financial peace of mind, and in doing so, we also hope to set an example. If you sow good, you will harvest good! \u201d<\/p>\n<cite><strong><mark style=\"background-color:rgba(0, 0, 0, 0)\" class=\"has-inline-color has-primary-color\">\u2014 <\/mark>Mr. Eddy Savoie, Owner, Founder, Chairman of the Board of Groupe Savoie and actively involved great-grandfather.&nbsp;Les R\u00e9sidences Soleil \u2013 Savoie Family<\/strong><\/cite><\/blockquote>\n<\/div>\n<\/div>\n<\/div>\n<\/div>\n\n\n\n<div class=\"wp-block-columns is-layout-flex wp-container-core-columns-is-layout-6 wp-block-columns-is-layout-flex\">\n<div class=\"wp-block-column is-layout-flow wp-block-column-is-layout-flow\">\n<div style=\"height:5px\" aria-hidden=\"true\" class=\"wp-block-spacer\"><\/div>\n\n\n\n<h3 class=\"wp-block-heading\"><strong><font color=\"#0090d7\">Our rays of sunshine<\/font><\/strong><\/h3>\n\n\n\n<p class=\"has-large-font-size\"><strong>To reach this level of excellence,<\/strong> we have always relied on choosing excellent employees by establishing our minimum requirements:<\/p>\n\n\n<div class=\"wp-block-list\">\n<ul class=\"wp-block-list\">\n<li class=\"has-large-font-size\">A genuine love for seniors<\/li>\n\n\n\n<li class=\"has-large-font-size\">Politeness and courtesy&nbsp;<\/li>\n\n\n\n<li class=\"has-large-font-size\">Honesty<\/li>\n\n\n\n<li class=\"has-large-font-size\">To be attentive and a good listener<\/li>\n\n\n\n<li class=\"has-large-font-size\">To be cheerful<\/li>\n<\/ul>\n<\/div>\n\n\n<div class=\"wp-block-columns is-layout-flex wp-container-core-columns-is-layout-5 wp-block-columns-is-layout-flex\">\n<div class=\"wp-block-column is-layout-flow wp-block-column-is-layout-flow\">\n<h4 class=\"wp-block-heading has-text-align-center\"><font color=\"#0090d7\"><strong>\u201cBecause like the Sun, a smile brightens the day of everyone who sees it.\u201d<\/strong><\/font><\/h4>\n\n\n\n<div style=\"height:5px\" aria-hidden=\"true\" class=\"wp-block-spacer\"><\/div>\n<\/div>\n<\/div>\n<\/div>\n<\/div>\n\n\n\n<div class=\"wp-block-columns is-layout-flex wp-container-core-columns-is-layout-8 wp-block-columns-is-layout-flex\">\n<div class=\"wp-block-column is-layout-flow wp-block-column-is-layout-flow\">\n<h3 class=\"wp-block-heading\"><strong><font color=\"#0090d7\">The &#8220;Credo Soleil&#8221;<\/font><\/strong><\/h3>\n\n\n\n<div class=\"wp-block-columns is-layout-flex wp-container-core-columns-is-layout-7 wp-block-columns-is-layout-flex\">\n<div class=\"wp-block-column is-layout-flow wp-block-column-is-layout-flow\" style=\"flex-basis:33.33%\">\n<figure class=\"wp-block-image size-large\"><img decoding=\"async\" width=\"683\" height=\"1024\" src=\"https:\/\/residencessoleil.ca\/wp-content\/uploads\/2020\/09\/2_Grand-parent_bebe-683x1024.jpg\" alt=\"residences pour personnes \u00e2g\u00e9es \u00e0 valeurs familiales et \u00e9volutives\" class=\"wp-image-3880\" srcset=\"https:\/\/residencessoleil.ca\/wp-content\/uploads\/2020\/09\/2_Grand-parent_bebe-683x1024.jpg 683w, https:\/\/residencessoleil.ca\/wp-content\/uploads\/2020\/09\/2_Grand-parent_bebe-200x300.jpg 200w, https:\/\/residencessoleil.ca\/wp-content\/uploads\/2020\/09\/2_Grand-parent_bebe-768x1152.jpg 768w, https:\/\/residencessoleil.ca\/wp-content\/uploads\/2020\/09\/2_Grand-parent_bebe-1024x1536.jpg 1024w, https:\/\/residencessoleil.ca\/wp-content\/uploads\/2020\/09\/2_Grand-parent_bebe.jpg 1280w\" sizes=\"(max-width: 683px) 100vw, 683px\" \/><\/figure>\n<\/div>\n\n\n\n<div class=\"wp-block-column is-layout-flow wp-block-column-is-layout-flow\" style=\"flex-basis:66.66%\">\n<p class=\"has-large-font-size\"><strong>They are the driving force behind our development:<\/strong><\/p>\n\n\n<div class=\"wp-block-list\">\n<ul class=\"wp-block-list\">\n<li class=\"has-large-font-size\">Everyone has a unique potential.<\/li>\n\n\n\n<li class=\"has-large-font-size\">Human resources are the most important resource of all.<\/li>\n\n\n\n<li class=\"has-large-font-size\">Our clients are the reason our company continues to thrive.<\/li>\n\n\n\n<li class=\"has-large-font-size\">Listening is critical.<\/li>\n\n\n\n<li class=\"has-large-font-size\">Every communication must be clear and precise.<\/li>\n\n\n\n<li class=\"has-large-font-size\">Doing business entails an exchange of services, products and processes between people with complementary needs and competencies.<\/li>\n\n\n\n<li class=\"has-large-font-size\">A smile, a friendly manner and an open-minded attitude are sources of energy and factors of success.<\/li>\n\n\n\n<li class=\"has-large-font-size\">Punctuality is a game changer.<\/li>\n\n\n\n<li class=\"has-large-font-size\">To err is human.<\/li>\n\n\n\n<li class=\"has-large-font-size\">We must set goals and make plans on a regular basis.<\/li>\n\n\n\n<li class=\"has-large-font-size\">Daily activities make more sense when accompanied by a sense of challenge, determination and a vision of the future.<\/li>\n\n\n\n<li class=\"has-large-font-size\">Feeling good about oneself promotes self-confidence, and honesty is a clear sign of loyalty towards yourself and others.<\/li>\n\n\n\n<li class=\"has-large-font-size\">Leaders and winners are optimistic people.<\/li>\n\n\n\n<li class=\"has-large-font-size\">In order to harvest, we must first sow and then maintain. Furthermore, to ensure continuity it is important not to tear out the roots.&nbsp;<\/li>\n<\/ul>\n<\/div>\n\n\n<p class=\"has-large-font-size\"><strong><font color=\"#0090d7\">We believe that these values are the key to wealth and prosperity.<\/font><\/strong><\/p>\n<\/div>\n<\/div>\n\n\n\n<div style=\"height:50px\" aria-hidden=\"true\" class=\"wp-block-spacer\"><\/div>\n<\/div>\n<\/div>\n","protected":false},"excerpt":{"rendered":"<p>Social mission We like to keep it simple and to the point. Beyond our mission and vision, we have always focused on our \u201craison d&#8217;\u00eatre\u201d:why we exist and what is our contribution to society. Our Purpose&nbsp;:&nbsp;To improve seniors&#8217; well-being. And then, on a daily basis, it&#8217;s all about the family values that guide each day &hellip;<\/p>\n","protected":false},"author":2,"featured_media":3881,"parent":4057,"menu_order":0,"comment_status":"closed","ping_status":"closed","template":"","meta":{"_acf_changed":false,"om_disable_all_campaigns":false,"_relevanssi_hide_post":"","_relevanssi_hide_content":"","_relevanssi_pin_for_all":"","_relevanssi_pin_keywords":"","_relevanssi_unpin_keywords":"","_relevanssi_related_keywords":"","_relevanssi_related_include_ids":"","_relevanssi_related_exclude_ids":"","_relevanssi_related_no_append":"","_relevanssi_related_not_related":"","_relevanssi_related_posts":"1661,1618,1547,1578,1717,1718","_relevanssi_noindex_reason":"","footnotes":""},"global_category":[],"class_list":["post-4213","page","type-page","status-publish","has-post-thumbnail","hentry"],"acf":[],"_links":{"self":[{"href":"https:\/\/residencessoleil.ca\/en\/wp-json\/wp\/v2\/pages\/4213","targetHints":{"allow":["GET"]}}],"collection":[{"href":"https:\/\/residencessoleil.ca\/en\/wp-json\/wp\/v2\/pages"}],"about":[{"href":"https:\/\/residencessoleil.ca\/en\/wp-json\/wp\/v2\/types\/page"}],"author":[{"embeddable":true,"href":"https:\/\/residencessoleil.ca\/en\/wp-json\/wp\/v2\/users\/2"}],"replies":[{"embeddable":true,"href":"https:\/\/residencessoleil.ca\/en\/wp-json\/wp\/v2\/comments?post=4213"}],"version-history":[{"count":8,"href":"https:\/\/residencessoleil.ca\/en\/wp-json\/wp\/v2\/pages\/4213\/revisions"}],"predecessor-version":[{"id":35345,"href":"https:\/\/residencessoleil.ca\/en\/wp-json\/wp\/v2\/pages\/4213\/revisions\/35345"}],"up":[{"embeddable":true,"href":"https:\/\/residencessoleil.ca\/en\/wp-json\/wp\/v2\/pages\/4057"}],"wp:featuredmedia":[{"embeddable":true,"href":"https:\/\/residencessoleil.ca\/en\/wp-json\/wp\/v2\/media\/3881"}],"wp:attachment":[{"href":"https:\/\/residencessoleil.ca\/en\/wp-json\/wp\/v2\/media?parent=4213"}],"wp:term":[{"taxonomy":"global_category","embeddable":true,"href":"https:\/\/residencessoleil.ca\/en\/wp-json\/wp\/v2\/global_category?post=4213"}],"curies":[{"name":"wp","href":"https:\/\/api.w.org\/{rel}","templated":true}]}}