{"id":4215,"date":"2020-09-10T15:42:57","date_gmt":"2020-09-10T15:42:57","guid":{"rendered":"https:\/\/residencessoleil.ca\/a-propos-en\/histoire\/"},"modified":"2025-06-18T15:09:29","modified_gmt":"2025-06-18T20:09:29","slug":"history","status":"publish","type":"page","link":"https:\/\/residencessoleil.ca\/en\/about-us\/history\/","title":{"rendered":"History"},"content":{"rendered":"\n<div class=\"wp-block-columns is-layout-flex wp-container-core-columns-is-layout-1 wp-block-columns-is-layout-flex\">\n<div class=\"wp-block-column is-layout-flow wp-block-column-is-layout-flow\">\n<h1 class=\"wp-block-heading has-text-align-center\"><mark style=\"background-color:rgba(0, 0, 0, 0);color:#158dce\" class=\"has-inline-color\">Our history<\/mark><\/h1>\n\n\n\n<p class=\"has-text-align-center has-large-font-size\"><strong><strong>It is thanks to the parents of Mr. Eddy Savoie that this beautiful adventure began&#8230;<\/strong><\/strong><\/p>\n<\/div>\n<\/div>\n\n\n\n<div class=\"wp-block-columns is-layout-flex wp-container-core-columns-is-layout-2 wp-block-columns-is-layout-flex\">\n<div class=\"wp-block-column is-layout-flow wp-block-column-is-layout-flow\">\n<h3 class=\"wp-block-heading\"><strong><font color=\"#0090d7\">The early years&nbsp;<\/font><\/strong><\/h3>\n\n\n\n<p class=\"has-large-font-size\">The wonderful story of Les R\u00e9sidences Soleil began with Eddy Savoie\u2019s parents, who had moved in with him and his wife Carmelle in their later years. When his father\u2019s health took a turn for the worse, Eddy Savoie began to look for a seniors\u2019 residence where his parents could live. Though he searched far and wide, he failed to find a retirement residence that met his expectations. Every residence lacked one or more things that Eddy Savoie considered absolutely necessary for people in their golden years: round-the-clock security, delicious food and a wide variety of recreational activities.<\/p>\n<\/div>\n<\/div>\n\n\n\n<div class=\"wp-block-columns is-layout-flex wp-container-core-columns-is-layout-3 wp-block-columns-is-layout-flex\">\n<div class=\"wp-block-column is-layout-flow wp-block-column-is-layout-flow\"><div class=\"wp-block-image\">\n<figure class=\"aligncenter size-large\"><img decoding=\"async\" width=\"1024\" height=\"675\" src=\"https:\/\/residencessoleil.ca\/wp-content\/uploads\/2020\/09\/1_Parents-famille-Eddy-Savoie-1024x675.jpg\" alt=\"\" class=\"wp-image-2276\" srcset=\"https:\/\/residencessoleil.ca\/wp-content\/uploads\/2020\/09\/1_Parents-famille-Eddy-Savoie-1024x675.jpg 1024w, https:\/\/residencessoleil.ca\/wp-content\/uploads\/2020\/09\/1_Parents-famille-Eddy-Savoie-300x198.jpg 300w, https:\/\/residencessoleil.ca\/wp-content\/uploads\/2020\/09\/1_Parents-famille-Eddy-Savoie-768x506.jpg 768w, https:\/\/residencessoleil.ca\/wp-content\/uploads\/2020\/09\/1_Parents-famille-Eddy-Savoie-1536x1013.jpg 1536w, https:\/\/residencessoleil.ca\/wp-content\/uploads\/2020\/09\/1_Parents-famille-Eddy-Savoie.jpg 1920w\" sizes=\"(max-width: 1024px) 100vw, 1024px\" \/><\/figure><\/div><\/div>\n<\/div>\n\n\n\n<p class=\"has-large-font-size\">Eddy Savoie, then a building contractor, decided to personally construct a residence that would meet these criteria. He envisioned a place where seniors could safely and happily spend their golden years while continuing to thrive.<\/p>\n\n\n\n<h3 class=\"wp-block-heading\"><strong><font color=\"#0090d7\">The search for the ideal concept<\/font><\/strong><\/h3>\n\n\n\n<p class=\"has-large-font-size\">Eddy Savoie and his family travelled throughout Europe in search of the ideal concept, but failed to find exactly what they were looking for. By the time they returned home, the Savoie family had decided to create residences that would suit the specific lifestyle and habits of Quebecers. On November 13, 1988, after having carried out a number of trips, studies and research activities, the concept underlying Residences Soleil was introduced, with the construction of Groupe Savoie\u2019s first residence, Manoir Boucherville.<\/p>\n\n\n\n<h3 class=\"wp-block-heading\"><font color=\"#0090d7\"><strong>A concept with wings\u00a0<\/strong><\/font><\/h3>\n\n\n\n<p class=\"has-large-font-size\">While the first Residences Soleil residence had initially been conceived with Eddy Savoie\u2019s parents in mind, the entire family quickly grew extremely fond of the seniors who had chosen to call Manoir Boucherville home. This eventually led Groupe Savoie to construct more residences, so that a greater number of seniors could enjoy the Residences Soleil lifestyle.<\/p>\n\n\n\n<p class=\"has-large-font-size\">Les R\u00e9sidences Soleil thus expanded to several cities, but always with a central focus: creating residences, available to persons with varying financial means, that would offer seniors an exceptional quality of life and a wide variety of services.<\/p>\n\n\n\n<h3 class=\"wp-block-heading\"><font color=\"#0090d7\"><strong>A radiant name<\/strong><\/font><\/h3>\n\n\n\n<p class=\"has-large-font-size\">Why the name Les R\u00e9sidences Soleil? Eddy Savoie explains: \u201cI was looking for a radiant name, a name that would bring to mind the joy and pleasure of a golden retirement. I had a \u2018eureka\u2019 moment one day while driving my car, as I lifted my eyes to the sky and saw the sun in all its splendour. And I knew I had found the name for our residences.\u201d<\/p>\n\n\n\n<h3 class=\"wp-block-heading\"><strong><font color=\"#0090d7\">A family business<\/font><\/strong><\/h3>\n\n\n\n<p class=\"has-large-font-size\">Eddy Savoie firmly believes in the uniqueness of their family business. By maintaining ownership of its residences, the Savoie family can address residents\u2019 actual needs while continuing to enhance their quality of life by making any necessary improvements to the services offered.<\/p>\n\n\n\n<div style=\"height:30px\" aria-hidden=\"true\" class=\"wp-block-spacer\"><\/div>\n\n\n<div class=\"wp-block-image\">\n<figure class=\"aligncenter size-large\"><img decoding=\"async\" width=\"1024\" height=\"629\" src=\"https:\/\/residencessoleil.ca\/wp-content\/uploads\/2022\/11\/Famille_Savoie_Corpo_2022-1-1024x629.jpg\" alt=\"\" class=\"wp-image-15072\" srcset=\"https:\/\/residencessoleil.ca\/wp-content\/uploads\/2022\/11\/Famille_Savoie_Corpo_2022-1-1024x629.jpg 1024w, https:\/\/residencessoleil.ca\/wp-content\/uploads\/2022\/11\/Famille_Savoie_Corpo_2022-1-300x184.jpg 300w, https:\/\/residencessoleil.ca\/wp-content\/uploads\/2022\/11\/Famille_Savoie_Corpo_2022-1-768x472.jpg 768w, https:\/\/residencessoleil.ca\/wp-content\/uploads\/2022\/11\/Famille_Savoie_Corpo_2022-1-1536x944.jpg 1536w, https:\/\/residencessoleil.ca\/wp-content\/uploads\/2022\/11\/Famille_Savoie_Corpo_2022-1.jpg 1920w\" sizes=\"(max-width: 1024px) 100vw, 1024px\" \/><figcaption class=\"wp-element-caption\">Three generations of the Savoie Family involved<\/figcaption><\/figure><\/div>\n\n\n<div style=\"height:30px\" aria-hidden=\"true\" class=\"wp-block-spacer\"><\/div>\n\n\n\n<p class=\"has-large-font-size\"><strong><u>Each Savoie family member has an important role in the company:<\/u><\/strong><\/p>\n\n\n<div class=\"wp-block-list\">\n<ul class=\"wp-block-list\">\n<li class=\"has-large-font-size\">Eddy Savoie, founder and Chairman of the Board of Directors<\/li>\n\n\n\n<li class=\"has-large-font-size\">Carmelle Savoie, Vice president<\/li>\n<\/ul>\n<\/div>\n\n\n<p class=\"has-large-font-size\"><strong>Their children:<\/strong><\/p>\n\n\n<div class=\"wp-block-list\">\n<ul class=\"wp-block-list\">\n<li class=\"has-large-font-size\">Nataly Savoie, Executive president<\/li>\n\n\n\n<li class=\"has-large-font-size\">Eddy Junior, Executive president, Construction<\/li>\n\n\n\n<li class=\"has-large-font-size\">Nadine-Co\u00efne Savoie, Groupe Savoie director<\/li>\n\n\n\n<li class=\"has-large-font-size\">Janet Savoie, Groupe Savoie director<\/li>\n<\/ul>\n<\/div>\n\n\n<p class=\"has-large-font-size\"><strong>At their side, five of thirteen grandchildren, the third generation, are also already involved in the business, which daily:<\/strong><\/p>\n\n\n<div class=\"wp-block-list\">\n<ul class=\"wp-block-list\">\n<li class=\"has-large-font-size\">Katarina-Darkise Marcil, Vice president, Client Experience<\/li>\n\n\n\n<li class=\"has-large-font-size\">Meghan Laberge, Administrative and Financial support<\/li>\n<\/ul>\n<\/div>\n\n\n<p class=\"has-large-font-size\">In addition to six great-grandchildren, the family business is assured!<\/p>\n\n\n\n<h3 class=\"wp-block-heading\"><font color=\"#0090d7\"><strong>Groupe Savoie\u2019s achievements<\/strong><\/font><\/h3>\n\n\n\n<h4 class=\"wp-block-heading has-large-font-size\"><strong>Tax credit for home support<\/strong><\/h4>\n\n\n\n<p class=\"has-large-font-size\">In June 2000, Groupe Savoie, along with the ARCPQ (now the RQRA,&nbsp;<a href=\"http:\/\/www.rqra.qc.ca\/\" target=\"_blank\" rel=\"noreferrer noopener\">Regroupement qu\u00e9b\u00e9cois des r\u00e9sidences pour ain\u00e9s<\/a>), obtain the creation of a&nbsp;tax credit&nbsp;for home support for persons aged 70 years or older.<\/p>\n\n\n\n<h4 class=\"wp-block-heading has-large-font-size\"><strong>Exclusive Residences Soleil programs<\/strong><\/h4>\n\n\n\n<p class=\"has-large-font-size\">Aware that some seniors may have financial restrictions, the Savoie family also created&nbsp;<a href=\"https:\/\/residencessoleil.ca\/summary\/history#\">unique programs<\/a>&nbsp;exclusive to Les R\u00e9sidences Soleil. For example, once R\u00e9sidences Soleil residents turn 90 and have been living in the same apartment for at least 10 years, they will no longer be subject to rent increases. In addition, upon reaching the age of 100, a R\u00e9sidences Soleil resident who has been living in the same apartment for at least 10 years will no longer pay rent.<\/p>\n\n\n\n<p class=\"has-large-font-size\">Groupe Savoie is continually looking for new ways to improve the well-being and quality of life of people in their golden years.<\/p>\n\n\n\n<h3 class=\"wp-block-heading\"><strong><font color=\"#0090d7\">And there\u2019s more!<\/font>&nbsp;<\/strong><\/h3>\n\n\n\n<p class=\"has-large-font-size\">In only a few years, Eddy Savoie, with the help of his family, succeeded in building the largest family business in its sector in Qu\u00e9bec. Groupe Savoie is constantly expanding, by designing, developing, building, operating and retaining ownership of a growing number of seniors\u2019 residences. Eddy Savoie is also&nbsp;<a href=\"https:\/\/residencessoleil.ca\/news\/social-involvement\">personally active<\/a>&nbsp;in a number of social causes and humanitarian organizations.<\/p>\n\n\n\n<p class=\"has-large-font-size\">Residences Soleil\u2019s current success was made possible by the Savoie family\u2019s love for seniors and their personal approach to business.<\/p>\n\n\n\n<p class=\"has-large-font-size\"><strong>Congratulations to Groupe Savoie and may Les R\u00e9sidences Soleil have a long and splendid life!<\/strong><\/p>\n\n\n\n<div style=\"height:100px\" aria-hidden=\"true\" class=\"wp-block-spacer\"><\/div>\n","protected":false},"excerpt":{"rendered":"<p>Our history It is thanks to the parents of Mr. Eddy Savoie that this beautiful adventure began&#8230; The early years&nbsp; The wonderful story of Les R\u00e9sidences Soleil began with Eddy Savoie\u2019s parents, who had moved in with him and his wife Carmelle in their later years. When his father\u2019s health took a turn for the &hellip;<\/p>\n","protected":false},"author":2,"featured_media":0,"parent":4057,"menu_order":0,"comment_status":"closed","ping_status":"closed","template":"","meta":{"_acf_changed":false,"om_disable_all_campaigns":false,"_relevanssi_hide_post":"","_relevanssi_hide_content":"","_relevanssi_pin_for_all":"","_relevanssi_pin_keywords":"","_relevanssi_unpin_keywords":"","_relevanssi_related_keywords":"","_relevanssi_related_include_ids":"","_relevanssi_related_exclude_ids":"","_relevanssi_related_no_append":"","_relevanssi_related_not_related":"","_relevanssi_related_posts":"1592,1716,1553,1676,1635,1606","_relevanssi_noindex_reason":"","footnotes":""},"global_category":[],"class_list":["post-4215","page","type-page","status-publish","hentry"],"acf":[],"_links":{"self":[{"href":"https:\/\/residencessoleil.ca\/en\/wp-json\/wp\/v2\/pages\/4215","targetHints":{"allow":["GET"]}}],"collection":[{"href":"https:\/\/residencessoleil.ca\/en\/wp-json\/wp\/v2\/pages"}],"about":[{"href":"https:\/\/residencessoleil.ca\/en\/wp-json\/wp\/v2\/types\/page"}],"author":[{"embeddable":true,"href":"https:\/\/residencessoleil.ca\/en\/wp-json\/wp\/v2\/users\/2"}],"replies":[{"embeddable":true,"href":"https:\/\/residencessoleil.ca\/en\/wp-json\/wp\/v2\/comments?post=4215"}],"version-history":[{"count":8,"href":"https:\/\/residencessoleil.ca\/en\/wp-json\/wp\/v2\/pages\/4215\/revisions"}],"predecessor-version":[{"id":32036,"href":"https:\/\/residencessoleil.ca\/en\/wp-json\/wp\/v2\/pages\/4215\/revisions\/32036"}],"up":[{"embeddable":true,"href":"https:\/\/residencessoleil.ca\/en\/wp-json\/wp\/v2\/pages\/4057"}],"wp:attachment":[{"href":"https:\/\/residencessoleil.ca\/en\/wp-json\/wp\/v2\/media?parent=4215"}],"wp:term":[{"taxonomy":"global_category","embeddable":true,"href":"https:\/\/residencessoleil.ca\/en\/wp-json\/wp\/v2\/global_category?post=4215"}],"curies":[{"name":"wp","href":"https:\/\/api.w.org\/{rel}","templated":true}]}}