{"id":4216,"date":"2020-09-10T15:43:39","date_gmt":"2020-09-10T15:43:39","guid":{"rendered":"https:\/\/residencessoleil.ca\/a-propos-en\/eddy-savoie-proprietaire-et-fondateur\/"},"modified":"2025-06-18T15:57:07","modified_gmt":"2025-06-18T20:57:07","slug":"eddy-savoie-owner-and-founder","status":"publish","type":"page","link":"https:\/\/residencessoleil.ca\/en\/about-us\/eddy-savoie-owner-and-founder\/","title":{"rendered":"Eddy Savoie, a great builder"},"content":{"rendered":"\n<div class=\"wp-block-columns is-layout-flex wp-container-core-columns-is-layout-1 wp-block-columns-is-layout-flex\">\n<div class=\"wp-block-column is-layout-flow wp-block-column-is-layout-flow\">\n<h1 class=\"wp-block-heading has-text-align-center\"><mark style=\"background-color:rgba(0, 0, 0, 0);color:#158dce\" class=\"has-inline-color\"><mark style=\"background-color:rgba(0, 0, 0, 0);color:#158dce\" class=\"has-inline-color\">Eddy Savoie, a great builder<\/mark><\/mark><\/h1>\n\n\n\n<p class=\"has-text-align-center has-large-font-size\"><strong><strong><strong>Owner, and founder of the large and beautiful family business Les R\u00e9sidences Soleil, Mr. Eddy Savoie is part of the pioneering concept of Residences for Seniors that we know today across Canada.<\/strong><\/strong><\/strong><\/p>\n\n\n\n<div style=\"height:20px\" aria-hidden=\"true\" class=\"wp-block-spacer\"><\/div>\n<\/div>\n<\/div>\n\n\n\n<div class=\"wp-block-columns is-layout-flex wp-container-core-columns-is-layout-2 wp-block-columns-is-layout-flex\">\n<div class=\"wp-block-column is-layout-flow wp-block-column-is-layout-flow\"><div class=\"wp-block-image\">\n<figure class=\"aligncenter size-full is-resized\"><img decoding=\"async\" width=\"1280\" height=\"1707\" src=\"https:\/\/residencessoleil.ca\/wp-content\/uploads\/2025\/06\/Eddy-Savoie-proprietaire-et-fondateur-Les-Residences-Soleil-edited.jpg\" alt=\"\" class=\"wp-image-32049\" style=\"aspect-ratio:3\/4;object-fit:contain;width:449px;height:auto\" srcset=\"https:\/\/residencessoleil.ca\/wp-content\/uploads\/2025\/06\/Eddy-Savoie-proprietaire-et-fondateur-Les-Residences-Soleil-edited.jpg 1280w, https:\/\/residencessoleil.ca\/wp-content\/uploads\/2025\/06\/Eddy-Savoie-proprietaire-et-fondateur-Les-Residences-Soleil-edited-225x300.jpg 225w, https:\/\/residencessoleil.ca\/wp-content\/uploads\/2025\/06\/Eddy-Savoie-proprietaire-et-fondateur-Les-Residences-Soleil-edited-768x1024.jpg 768w, https:\/\/residencessoleil.ca\/wp-content\/uploads\/2025\/06\/Eddy-Savoie-proprietaire-et-fondateur-Les-Residences-Soleil-edited-1152x1536.jpg 1152w\" sizes=\"(max-width: 1280px) 100vw, 1280px\" \/><\/figure><\/div><\/div>\n\n\n\n<div class=\"wp-block-column is-layout-flow wp-block-column-is-layout-flow\">\n<h3 class=\"wp-block-heading\"><strong>Great builder<\/strong><\/h3>\n\n\n\n<p class=\"has-large-font-size\"><strong>For Eddy Savoie<\/strong>, business success is about more than just running a profitable enterprise. In fact, it\u2019s mostly about building something that will play a pivotal role in people\u2019s happiness. And when it also makes it possible to involve family members, it becomes a privilege!<\/p>\n\n\n\n<p class=\"has-large-font-size\">The Savoie family has built and now owns and manages <strong><font color=\"#0090d7\">several residences for seniors in Qu\u00e9bec.<\/font><\/strong> One of their priorities is to have residents and employees share their pride and joy at being members of such<strong><font color=\"#0090d7\"> a big family!<\/font><\/strong><\/p>\n\n\n\n<p class=\"has-large-font-size\">This is what makes Eddy Savoie happy. When speaking of his family, he does so in a simple and candid manner, and his eyes never cease to sparkle. Eddy Savoie is passionate about his work, and thanks his wife and five children for having joined<strong> Groupe Savoie<\/strong>, thereby providing him with yet another compelling reason to continue doing what he does.<\/p>\n<\/div>\n<\/div>\n\n\n\n<div class=\"wp-block-columns is-layout-flex wp-container-core-columns-is-layout-3 wp-block-columns-is-layout-flex\">\n<div class=\"wp-block-column is-layout-flow wp-block-column-is-layout-flow\">\n<p class=\"has-large-font-size\">As he emphasizes: \u201c<strong>Our challenge is to improve the quality of life of seniors while contributing to our society.<\/strong> The opening of a Residences Soleil residence in a particular region brings benefits to the municipalities involved through job creation and by concretely improving the quality of life of all seniors in the neighbourhood. When we move forward, we basically force others to follow step.\u201d<\/p>\n<\/div>\n<\/div>\n\n\n\n<div style=\"height:20px\" aria-hidden=\"true\" class=\"wp-block-spacer\"><\/div>\n\n\n\n<div class=\"wp-block-columns alignfull is-not-stacked-on-mobile has-background is-layout-flex wp-container-core-columns-is-layout-5 wp-block-columns-is-layout-flex\" style=\"background-color:#f3f3f3\">\n<div class=\"wp-block-column is-layout-flow wp-block-column-is-layout-flow\" style=\"flex-basis:16%\"><\/div>\n\n\n\n<div class=\"wp-block-column is-vertically-aligned-center is-layout-flow wp-block-column-is-layout-flow\" style=\"flex-basis:60.33%\">\n<div style=\"height:50px\" aria-hidden=\"true\" class=\"wp-block-spacer\"><\/div>\n\n\n\n<div class=\"wp-block-columns is-layout-flex wp-container-core-columns-is-layout-4 wp-block-columns-is-layout-flex\">\n<div class=\"wp-block-column is-layout-flow wp-block-column-is-layout-flow\" style=\"flex-basis:80%\">\n<div style=\"height:100px\" aria-hidden=\"true\" class=\"wp-block-spacer\"><\/div>\n\n\n<div class=\"wp-block-image\">\n<figure class=\"aligncenter size-full is-resized\"><a href=\"https:\/\/residencessoleil.ca\/news\/in-the-media\/sowing-reaping-immobilier-commercial\"><img decoding=\"async\" src=\"https:\/\/residencessoleil.ca\/wp-content\/uploads\/2023\/12\/image-2-e1703689246391.png\" alt=\"\" class=\"wp-image-18255\" style=\"width:527px;height:auto\"\/><\/a><figcaption class=\"wp-element-caption\">Extract from\u00a0<a href=\"https:\/\/residencessoleil.ca\/news\/in-the-media\/sowing-reaping-immobilier-commercial\" target=\"_blank\" rel=\"noreferrer noopener\">Commercial Real Estate Magazine<\/a><\/figcaption><\/figure><\/div><\/div>\n\n\n\n<div class=\"wp-block-column is-layout-flow wp-block-column-is-layout-flow\" style=\"flex-basis:70%\">\n<h3 class=\"wp-block-heading\"><strong>Eddy Savoie&#8217;s career\u00a0<\/strong><\/h3>\n\n\n\n<p class=\"has-large-font-size\">Like any real self-made-man, Eddy Savoie started from nothing, with less than 5$ in his pocket to go to Montreal, a big city that could offer this young man of <strong><font color=\"#0090d7\">15 years old<\/font><\/strong> a bright future. In his luggage, he carried with him solid values \u200b\u200binculcated by his father, a woodcutter, and his mother, who, in addition to raising his eight children &#8211; four of whom died in infancy -, held a small general store at home.<br><br>When he arrived in Montreal, he found a job in a factory before working as an apprentice. In the evening, he followed various courses. His dream: becoming a contractor. &#8220;You know, in New Brunswick, only one person controlled everything: Irving. I did not want to be at the mercy of anyone, and work did not scare me. &#8220;<br><br><strong><font color=\"#0090d7\">At the age of 28<\/font><\/strong>, he launched his general construction business, which carried out major real estate projects. Among other things, he built large rental buildings and got involve in the expansion of the Royal Victoria Hospital and the construction of the &#8221;Maison de la culture Mercier&#8221; in Montreal.<\/p>\n\n\n\n<div style=\"height:40px\" aria-hidden=\"true\" class=\"wp-block-spacer\"><\/div>\n<\/div>\n<\/div>\n<\/div>\n\n\n\n<div class=\"wp-block-column is-layout-flow wp-block-column-is-layout-flow\" style=\"flex-basis:5%\"><\/div>\n<\/div>\n\n\n\n<div style=\"height:30px\" aria-hidden=\"true\" class=\"wp-block-spacer\"><\/div>\n\n\n\n<div class=\"wp-block-columns is-layout-flex wp-container-core-columns-is-layout-6 wp-block-columns-is-layout-flex\">\n<div class=\"wp-block-column is-layout-flow wp-block-column-is-layout-flow\"><div class=\"wp-block-image\">\n<figure class=\"aligncenter size-large is-resized\"><img decoding=\"async\" width=\"1024\" height=\"922\" src=\"https:\/\/residencessoleil.ca\/wp-content\/uploads\/2020\/09\/2_Les-debuts-Parents-Eddy-Savoie-e1614193340569-1024x922.jpg\" alt=\"\" class=\"wp-image-2460\" style=\"aspect-ratio:1.1106290672451193;width:431px;height:auto\" srcset=\"https:\/\/residencessoleil.ca\/wp-content\/uploads\/2020\/09\/2_Les-debuts-Parents-Eddy-Savoie-e1614193340569-1024x922.jpg 1024w, https:\/\/residencessoleil.ca\/wp-content\/uploads\/2020\/09\/2_Les-debuts-Parents-Eddy-Savoie-e1614193340569-300x270.jpg 300w, https:\/\/residencessoleil.ca\/wp-content\/uploads\/2020\/09\/2_Les-debuts-Parents-Eddy-Savoie-e1614193340569-768x692.jpg 768w, https:\/\/residencessoleil.ca\/wp-content\/uploads\/2020\/09\/2_Les-debuts-Parents-Eddy-Savoie-e1614193340569.jpg 1401w\" sizes=\"(max-width: 1024px) 100vw, 1024px\" \/><\/figure><\/div><\/div>\n\n\n\n<div class=\"wp-block-column is-layout-flow wp-block-column-is-layout-flow\">\n<h3 class=\"wp-block-heading\"><strong>The invention of a concept<\/strong><\/h3>\n\n\n\n<p class=\"has-large-font-size\"><strong><em>It is the family spirit very dear to this man who is at the origin of the real estate empire that he built with Les R\u00e9sidences Soleil.<\/em><\/strong><\/p>\n\n\n\n<p class=\"has-large-font-size\">In the late 70s, Eddy Savoie&#8217;s parents lived in the couple&#8217;s residence in Mont-Saint-Hilaire. With his father&#8217;s health declining, the entrepreneur decided to settle his parents in an seniors residence. He and his family went to the research of a <strong>comfortable and safe residence, offering all the services, activities and care needed<\/strong>, but they couldn&#8217;t find one.<\/p>\n\n\n\n<p class=\"has-large-font-size\"><strong><font color=\"#0090d7\">The idea of \u200b\u200bcreating a residence<\/font><\/strong> appeared in Eddy Savoie&#8217;s mind. He then travelled multiple times in Europe in the hope of discovering innovative ideas, but without success. Convinced that there was a market in Quebec for a residence concept that combines quality of life and safety, he passed to action mode.&nbsp;&nbsp;<\/p>\n<\/div>\n<\/div>\n\n\n\n<div style=\"height:30px\" aria-hidden=\"true\" class=\"wp-block-spacer\"><\/div>\n\n\n\n<div class=\"wp-block-columns is-layout-flex wp-container-core-columns-is-layout-7 wp-block-columns-is-layout-flex\">\n<div class=\"wp-block-column is-layout-flow wp-block-column-is-layout-flow\"><div class=\"wp-block-image\">\n<figure class=\"aligncenter size-large is-resized\"><img decoding=\"async\" width=\"1024\" height=\"846\" src=\"https:\/\/residencessoleil.ca\/wp-content\/uploads\/2020\/06\/BOU-e1614193435922-1024x846.jpg\" alt=\"a propos de nos r\u00e9sidences pour personnes \u00e2g\u00e9es sur la rive-sud de montr\u00e9al notre Manoir Boucherville\" class=\"wp-image-6533\" style=\"aspect-ratio:1.210401891252955;width:433px;height:auto\" srcset=\"https:\/\/residencessoleil.ca\/wp-content\/uploads\/2020\/06\/BOU-e1614193435922-1024x846.jpg 1024w, https:\/\/residencessoleil.ca\/wp-content\/uploads\/2020\/06\/BOU-e1614193435922-300x248.jpg 300w, https:\/\/residencessoleil.ca\/wp-content\/uploads\/2020\/06\/BOU-e1614193435922-768x635.jpg 768w, https:\/\/residencessoleil.ca\/wp-content\/uploads\/2020\/06\/BOU-e1614193435922-1536x1269.jpg 1536w, https:\/\/residencessoleil.ca\/wp-content\/uploads\/2020\/06\/BOU-e1614193435922.jpg 1608w\" sizes=\"(max-width: 1024px) 100vw, 1024px\" \/><\/figure><\/div><\/div>\n\n\n\n<div class=\"wp-block-column is-layout-flow wp-block-column-is-layout-flow\">\n<h3 class=\"wp-block-heading\"><strong>Mr. Soleil<\/strong><\/h3>\n\n\n\n<p class=\"has-large-font-size\"><strong>The entrepreneur bought a land in Boucherville and financed the construction of his first residence<\/strong> through the sale of two large rental properties, Terrasses Villeneuve and Place Nobert, in Longueuil.<\/p>\n\n\n\n<p class=\"has-large-font-size\"><a href=\"https:\/\/residencessoleil.ca\/residences-soleil-list\/manoir-boucherville\" target=\"_blank\" rel=\"noreferrer noopener\">Les R\u00e9sidences Soleil Manoir Boucherville<\/a>, the first R\u00e9sidence Soleil cost ten million dollars and was <strong><font color=\"#0090d7\">inaugurated in November 1988<\/font><\/strong>. Eddy Savoie acknowledges that its launch was difficult. &#8220;The concept was not known and was not part of the mentality of people. Fortunately, we continued to make other construction projects and we were able to make up the shortfall.&#8221; Two and a half years after the opening of the residence, <strong>the occupancy rate finally reached 95%<\/strong>.<\/p>\n\n\n\n<p class=\"has-large-font-size\">Eddy Savoie then decided to extend his model of residence for seniors <strong>in different Quebec cities<\/strong> by focusing on volume.<\/p>\n\n\n\n<p class=\"has-large-font-size\"><strong>As a builder, owner and manager, Groupe Savoie now operates 15 residences. It employs nearly 2,000 people<\/strong>, including those working in the construction business. First criterion of hiring in its residences: <strong><font color=\"#0090d7\">&#8220;to love golden agers&#8221;<\/font><\/strong>, specifies Eddy Savoie.<\/p>\n<\/div>\n<\/div>\n\n\n\n<div class=\"wp-block-columns alignfull is-not-stacked-on-mobile has-background is-layout-flex wp-container-core-columns-is-layout-9 wp-block-columns-is-layout-flex\" style=\"background-color:#f3f3f3\">\n<div class=\"wp-block-column is-layout-flow wp-block-column-is-layout-flow\" style=\"flex-basis:15%\"><\/div>\n\n\n\n<div class=\"wp-block-column is-vertically-aligned-center is-layout-flow wp-block-column-is-layout-flow\" style=\"flex-basis:60.33%\">\n<div style=\"height:60px\" aria-hidden=\"true\" class=\"wp-block-spacer\"><\/div>\n\n\n\n<div style=\"height:0px\" aria-hidden=\"true\" class=\"wp-block-spacer\"><\/div>\n\n\n\n<div class=\"wp-block-columns is-layout-flex wp-container-core-columns-is-layout-8 wp-block-columns-is-layout-flex\">\n<div class=\"wp-block-column is-layout-flow wp-block-column-is-layout-flow\" style=\"flex-basis:80%\">\n<div style=\"height:100px\" aria-hidden=\"true\" class=\"wp-block-spacer\"><\/div>\n\n\n<div class=\"wp-block-image\">\n<figure class=\"aligncenter size-large is-resized\"><img decoding=\"async\" width=\"1024\" height=\"936\" src=\"https:\/\/residencessoleil.ca\/wp-content\/uploads\/2020\/09\/6_Eddy-Savoie-a-Pointe-aux-Trembles_Tirage_2006-1-e1614193760142-1024x936.jpg\" alt=\"\" class=\"wp-image-2473\" style=\"aspect-ratio:1.3333333333333333;object-fit:cover;width:465px;height:auto\" srcset=\"https:\/\/residencessoleil.ca\/wp-content\/uploads\/2020\/09\/6_Eddy-Savoie-a-Pointe-aux-Trembles_Tirage_2006-1-e1614193760142-1024x936.jpg 1024w, https:\/\/residencessoleil.ca\/wp-content\/uploads\/2020\/09\/6_Eddy-Savoie-a-Pointe-aux-Trembles_Tirage_2006-1-e1614193760142-300x274.jpg 300w, https:\/\/residencessoleil.ca\/wp-content\/uploads\/2020\/09\/6_Eddy-Savoie-a-Pointe-aux-Trembles_Tirage_2006-1-e1614193760142-768x702.jpg 768w, https:\/\/residencessoleil.ca\/wp-content\/uploads\/2020\/09\/6_Eddy-Savoie-a-Pointe-aux-Trembles_Tirage_2006-1-e1614193760142.jpg 1396w\" sizes=\"(max-width: 1024px) 100vw, 1024px\" \/><\/figure><\/div><\/div>\n\n\n\n<div class=\"wp-block-column is-layout-flow wp-block-column-is-layout-flow\" style=\"flex-basis:66.66%\">\n<h3 class=\"wp-block-heading\"><strong>We reap what we sow<\/strong><\/h3>\n\n\n\n<p class=\"has-large-font-size\"><strong><em>With a third generation already at work and a 4th generation that has just been born, the Groupe Savoie has the wind in its sails.<\/em><\/strong><\/p>\n\n\n\n<p class=\"has-large-font-size\"><strong><font color=\"#0090d7\">At the age of 80,<\/font><\/strong>&nbsp;Eddy Savoie does not plan to retire, because for him, his work is not. After a serious snowmobile accident a few years ago and two strokes, he is still active, although  he remains active, although he admits to have slowed down a bit.<\/p>\n\n\n\n<p class=\"has-large-font-size\"><strong><font color=\"#0090d7\">His Consumer Choice awarded business, also recognized as one of the Best Managed Companies in Canada for now 22 years<\/font><\/strong>, &#8220;will never go public, because I do not need capital,&#8221; said Eddy Savoie. And there is no question of selling either. &#8220;I received offers, but I always refuse. Our family business generates jobs, creates wealth and pays taxes here. People should think about it before criticizing, &#8220;says the businessman.<\/p>\n\n\n\n<p class=\"has-large-font-size\">&#8220;Sometimes I&#8217;m told,&#8221; You picked up an empire. I did not pick it up. Mathematically, it has been conceived by itself. We were able to sow and harvest. &#8220;<\/p>\n<\/div>\n<\/div>\n\n\n\n<div style=\"height:30px\" aria-hidden=\"true\" class=\"wp-block-spacer\"><\/div>\n<\/div>\n\n\n\n<div class=\"wp-block-column is-layout-flow wp-block-column-is-layout-flow\" style=\"flex-basis:10%\"><\/div>\n<\/div>\n\n\n\n<div style=\"height:30px\" aria-hidden=\"true\" class=\"wp-block-spacer\"><\/div>\n\n\n\n<div class=\"wp-block-columns is-layout-flex wp-container-core-columns-is-layout-10 wp-block-columns-is-layout-flex\">\n<div class=\"wp-block-column is-layout-flow wp-block-column-is-layout-flow\">\n<h3 class=\"wp-block-heading\"><strong>Accessibility for all<\/strong><\/h3>\n\n\n\n<p class=\"has-large-font-size\">In Les R\u00e9sidences Soleil Manoir Boucherville&#8217;s hallways, where the Group&#8217;s headquarters are located, Eddy Savoie welcomes each of the residents we meet and addresses them by name. &#8220;Not long ago, I attended all the parties organized to celebrate the anniversaries of the month in each of the residences. In each residence, a committee of residents, elected at the annual general meeting, organizes activities, in collaboration with the management. At this meeting, parents and residents can also share their grievances. &#8220;We are always open to constructive criticism,&#8221; says Eddy Savoie.<\/p>\n\n\n\n<p class=\"has-large-font-size\">Aware of the financial precariousness of several elders, Eddy Savoie made a cause. &#8220;I&#8217;ve known this, being poor,&#8221; he said during the interview. In the early 2000s, he was involved in a struggle with the RQRA (now known as the Regroupement qu\u00e9b\u00e9cois des r\u00e9sidences pour a\u00een\u00e9s), which ended with the creation of a provincial tax of 23% favoring the maintenance at home of people aged 70 and over, rich or poor. &#8220;In our homes, 33% of people receive a shelter allowance, which means they earn less than $ 16,000 a year,&#8221; says Eddy Savoie. With these credits, residents can afford to stay in a 1<sup>1\/2&nbsp;<\/sup>or 2<sup>&nbsp;1\/2<\/sup>&nbsp;which make up between 25 and 30% of apartments in each residence.<\/p>\n\n\n\n<p class=\"has-large-font-size\">In total, nearly 7,000 people, whose average age varies around 83 years, live in Les R\u00e9sidences Soleil. Nineteen of the 52 centenarians benefit from the Privil\u00e8ge Soleil program, which offers free accommodation to the resident who has reached 100 years of age and who has been in his apartment for at least 10 years. Moreover, a resident who has been staying in the same apartment for at least 10 years receives no increase in rent when he blows his 90 candle.<\/p>\n\n\n\n<div style=\"height:20px\" aria-hidden=\"true\" class=\"wp-block-spacer\"><\/div>\n\n\n\n<div style=\"display: flex; justify-content: right;\">\n  <div class=\"wp-block-button has-custom-width wp-block-button__width-75 has-custom-font-size is-style-fill has-small-font-size\">\n    <a class=\"wp-block-button__link has-primary-background-color has-text-color has-background has-link-color wp-element-button\" href=\"https:\/\/residencessoleil.ca\/en\/life-in-residence\/subsidies-and-financial-help\/\" target=\"_blank\" style=\"border-radius:0px;color:#ffffff; padding:21px;\" rel=\"noopener\">Learn more about subsidies and financial help<\/a>\n  <\/div>\n<\/div>\n<\/div>\n<\/div>\n\n\n\n<div style=\"height:10px\" aria-hidden=\"true\" class=\"wp-block-spacer\"><\/div>\n\n\n\n<div class=\"wp-block-columns is-layout-flex wp-container-core-columns-is-layout-11 wp-block-columns-is-layout-flex\">\n<div class=\"wp-block-column is-layout-flow wp-block-column-is-layout-flow\">\n<figure class=\"wp-block-image size-large\"><img decoding=\"async\" width=\"1024\" height=\"703\" src=\"https:\/\/residencessoleil.ca\/wp-content\/uploads\/2024\/03\/Famille-Savoie-4G-recette-croustade_large-copie-2-1024x703.jpg\" alt=\"\" class=\"wp-image-21102\" style=\"aspect-ratio:1.248780487804878;object-fit:cover\" srcset=\"https:\/\/residencessoleil.ca\/wp-content\/uploads\/2024\/03\/Famille-Savoie-4G-recette-croustade_large-copie-2-1024x703.jpg 1024w, https:\/\/residencessoleil.ca\/wp-content\/uploads\/2024\/03\/Famille-Savoie-4G-recette-croustade_large-copie-2-300x206.jpg 300w, https:\/\/residencessoleil.ca\/wp-content\/uploads\/2024\/03\/Famille-Savoie-4G-recette-croustade_large-copie-2-768x527.jpg 768w, https:\/\/residencessoleil.ca\/wp-content\/uploads\/2024\/03\/Famille-Savoie-4G-recette-croustade_large-copie-2-1536x1054.jpg 1536w, https:\/\/residencessoleil.ca\/wp-content\/uploads\/2024\/03\/Famille-Savoie-4G-recette-croustade_large-copie-2.jpg 1920w\" sizes=\"(max-width: 1024px) 100vw, 1024px\" \/><\/figure>\n<\/div>\n\n\n\n<div class=\"wp-block-column is-layout-flow wp-block-column-is-layout-flow\">\n<div style=\"height:0px\" aria-hidden=\"true\" class=\"wp-block-spacer\"><\/div>\n\n\n\n<h3 class=\"wp-block-heading\"><strong>A big beautiful family<\/strong><\/h3>\n\n\n\n<p class=\"has-large-font-size\">In addition to having an inner drive and highly developed business acumen, company founder Eddy Savoie has successfully passed on his values to his children. <strong>The business\u2019 daily activities rest on the guiding principles of trust, loyalty, a healthy respect for a work-life balance, love and, last but far from least, honesty.<\/strong><\/p>\n\n\n\n<p class=\"has-large-font-size\">These constitute the foundation on which<strong><font color=\"#0090d7\"> Groupe Savoie<\/font><\/strong> built what is now the largest family-owned private company in the seniors\u2019 accommodations sector in Qu\u00e9bec.<\/p>\n<\/div>\n<\/div>\n\n\n\n<h3 class=\"wp-block-heading\"><strong>An ongoing challenge<\/strong><\/h3>\n\n\n\n<p class=\"has-large-font-size\">Despite these impressive achievements, Eddy Savoie still diligently oversees the business and plans to ensure its continued growth, particularly since the company\u2019s future leaders are already part of the family.&nbsp;<a href=\"https:\/\/residencessoleil.ca\/summary\/leadership\" target=\"_blank\" rel=\"noreferrer noopener\">Nataly Savoie<\/a>&nbsp;has been the Executive president of Residences Soleil for a number of years, and&nbsp;<a href=\"https:\/\/residencessoleil.ca\/summary\/leadership\" target=\"_blank\" rel=\"noreferrer noopener\">Eddy Junior Savoie<\/a>&nbsp;is President of the organization\u2019s Construction division. These resources are a guarantee of continuity. People who spend time with members of the Savoie family immediately understand that their passion is unstoppable!<\/p>\n\n\n\n<h3 class=\"wp-block-heading\"><strong>A comfortable life<\/strong><\/h3>\n\n\n\n<p class=\"has-large-font-size\">Les R\u00e9sidences Soleil has set itself apart by the variety and sheer number of recreational activities offered in its residences. <strong>Swimming pool, spa,  hair salon, library and chapel are but a few of the amenities offered in all Les R\u00e9sidences Soleil<\/strong>. As Eddy Savoie proudly states, for residents, <strong><font color=\"#0090d7\">\u201c it\u2019s really like staying at a hotel!\u201d<\/font><\/strong><\/p>\n\n\n\n<div style=\"height:30px\" aria-hidden=\"true\" class=\"wp-block-spacer\"><\/div>\n\n\n\n<div style=\"display: flex; justify-content: right;\">\n  <div class=\"wp-block-button has-custom-width wp-block-button__width-75 has-custom-font-size is-style-fill has-small-font-size\">\n    <a class=\"wp-block-button__link has-primary-background-color has-text-color has-background has-link-color wp-element-button\" href=\"https:\/\/residencessoleil.ca\/en\/life-in-residence\/leisure-and-activities\/\" target=\"_blank\" style=\"border-radius:0px;color:#ffffff; padding:21px;\" rel=\"noopener\">Discover Leisure and Activities<\/a>\n  <\/div>\n<\/div>\n\n\n\n<div style=\"height:50px\" aria-hidden=\"true\" class=\"wp-block-spacer\"><\/div>\n","protected":false},"excerpt":{"rendered":"<p>Eddy Savoie, a great builder Owner, and founder of the large and beautiful family business Les R\u00e9sidences Soleil, Mr. Eddy Savoie is part of the pioneering concept of Residences for Seniors that we know today across Canada. Great builder For Eddy Savoie, business success is about more than just running a profitable enterprise. In fact, &hellip;<\/p>\n","protected":false},"author":2,"featured_media":0,"parent":4057,"menu_order":0,"comment_status":"closed","ping_status":"closed","template":"","meta":{"_acf_changed":false,"om_disable_all_campaigns":false,"_relevanssi_hide_post":"","_relevanssi_hide_content":"","_relevanssi_pin_for_all":"","_relevanssi_pin_keywords":"","_relevanssi_unpin_keywords":"","_relevanssi_related_keywords":"","_relevanssi_related_include_ids":"","_relevanssi_related_exclude_ids":"","_relevanssi_related_no_append":"","_relevanssi_related_not_related":"","_relevanssi_related_posts":"1623,1690,1544,1710,1688,1684","_relevanssi_noindex_reason":"","footnotes":""},"global_category":[],"class_list":["post-4216","page","type-page","status-publish","hentry"],"acf":[],"_links":{"self":[{"href":"https:\/\/residencessoleil.ca\/en\/wp-json\/wp\/v2\/pages\/4216","targetHints":{"allow":["GET"]}}],"collection":[{"href":"https:\/\/residencessoleil.ca\/en\/wp-json\/wp\/v2\/pages"}],"about":[{"href":"https:\/\/residencessoleil.ca\/en\/wp-json\/wp\/v2\/types\/page"}],"author":[{"embeddable":true,"href":"https:\/\/residencessoleil.ca\/en\/wp-json\/wp\/v2\/users\/2"}],"replies":[{"embeddable":true,"href":"https:\/\/residencessoleil.ca\/en\/wp-json\/wp\/v2\/comments?post=4216"}],"version-history":[{"count":8,"href":"https:\/\/residencessoleil.ca\/en\/wp-json\/wp\/v2\/pages\/4216\/revisions"}],"predecessor-version":[{"id":32123,"href":"https:\/\/residencessoleil.ca\/en\/wp-json\/wp\/v2\/pages\/4216\/revisions\/32123"}],"up":[{"embeddable":true,"href":"https:\/\/residencessoleil.ca\/en\/wp-json\/wp\/v2\/pages\/4057"}],"wp:attachment":[{"href":"https:\/\/residencessoleil.ca\/en\/wp-json\/wp\/v2\/media?parent=4216"}],"wp:term":[{"taxonomy":"global_category","embeddable":true,"href":"https:\/\/residencessoleil.ca\/en\/wp-json\/wp\/v2\/global_category?post=4216"}],"curies":[{"name":"wp","href":"https:\/\/api.w.org\/{rel}","templated":true}]}}