{"id":4228,"date":"2020-08-25T13:30:57","date_gmt":"2020-08-25T13:30:57","guid":{"rendered":"https:\/\/residencessoleil.ca\/la-vie-en-residence\/"},"modified":"2026-03-31T15:40:18","modified_gmt":"2026-03-31T20:40:18","slug":"life-in-residence","status":"publish","type":"page","link":"https:\/\/residencessoleil.ca\/en\/life-in-residence\/","title":{"rendered":"Life in residence"},"content":{"rendered":"\n<div class=\"wp-block-columns is-layout-flex wp-container-core-columns-is-layout-2 wp-block-columns-is-layout-flex\">\n<div class=\"wp-block-column is-layout-flow wp-block-column-is-layout-flow\">\n<div class=\"wp-block-columns is-layout-flex wp-container-core-columns-is-layout-1 wp-block-columns-is-layout-flex\">\n<div class=\"wp-block-column is-layout-flow wp-block-column-is-layout-flow\">\n<h1 class=\"wp-block-heading has-text-align-center\"><mark style=\"background-color:rgba(0, 0, 0, 0);color:#158dce\" class=\"has-inline-color\">Life at Les R\u00e9sidences Soleil<\/mark><\/h1>\n\n\n\n<p class=\"has-text-align-center\"><strong>Live each day at your own pace and with people who understand you and are like you. Life at Les R\u00e9sidences Soleil means living without stress and with fulfillment in order to enjoy all these beautiful years to come!<\/strong><\/p>\n<\/div>\n<\/div>\n<\/div>\n<\/div>\n\n\n\n<div style=\"display: flex; justify-content: center;\">\n  <div class=\"wp-block-button has-custom-width wp-block-button__width-75 has-custom-font-size is-style-fill has-small-font-size\">\n    <a class=\"wp-block-button__link\" href=\"https:\/\/residencessoleil.ca\/wp-content\/uploads\/2024\/01\/feuillets_general_ang_LRS-janv22.pdf\" target=\"_blank\" style=\"background-color:#FCDC12; color:#000000; border-radius:0px; padding:21px; text-decoration: none; display: inline-block;\" onmouseover=\"this.style.color='#ffffff';\" onmouseout=\"this.style.color='#000000';\" rel=\"noopener\">\n      Download the general documentation\n    <\/a>\n  <\/div>\n<\/div>\n\n\n\n<div style=\"height:2px\" aria-hidden=\"true\" class=\"wp-block-spacer\"><\/div>\n\n\n\n<div class=\"wp-block-columns alignfull is-layout-flex wp-container-core-columns-is-layout-4 wp-block-columns-is-layout-flex\">\n<div class=\"wp-block-column is-layout-flow wp-block-column-is-layout-flow\">\n<div class=\"wp-block-columns alignfull is-layout-flex wp-container-core-columns-is-layout-3 wp-block-columns-is-layout-flex\">\n<div class=\"wp-block-column is-layout-flow wp-block-column-is-layout-flow\"><\/div>\n\n\n\n<div class=\"wp-block-column is-layout-flow wp-block-column-is-layout-flow\">\n<figure class=\"wp-block-image size-large\"><img decoding=\"async\" width=\"1024\" height=\"683\" src=\"https:\/\/residencessoleil.ca\/wp-content\/uploads\/2024\/02\/Jour-1-Employes0516-1024x683.jpg\" alt=\"\" class=\"wp-image-20512\" srcset=\"https:\/\/residencessoleil.ca\/wp-content\/uploads\/2024\/02\/Jour-1-Employes0516-1024x683.jpg 1024w, https:\/\/residencessoleil.ca\/wp-content\/uploads\/2024\/02\/Jour-1-Employes0516-300x200.jpg 300w, https:\/\/residencessoleil.ca\/wp-content\/uploads\/2024\/02\/Jour-1-Employes0516-768x512.jpg 768w, https:\/\/residencessoleil.ca\/wp-content\/uploads\/2024\/02\/Jour-1-Employes0516-1536x1024.jpg 1536w, https:\/\/residencessoleil.ca\/wp-content\/uploads\/2024\/02\/Jour-1-Employes0516.jpg 1920w\" sizes=\"(max-width: 1024px) 100vw, 1024px\" \/><\/figure>\n\n\n\n<div style=\"height:50px\" aria-hidden=\"true\" class=\"wp-block-spacer\"><\/div>\n\n\n\n<div style=\"display: flex; justify-content: center;\">\n  <div class=\"wp-block-button has-custom-width wp-block-button__width-75 has-custom-font-size is-style-fill has-small-font-size\">\n    <a class=\"wp-block-button__link has-primary-background-color has-text-color has-background has-link-color wp-element-button\" href=\"https:\/\/residencessoleil.ca\/en\/life-in-residence\/for-the-love-of-food\/\" target=\"_blank\" style=\"border-radius:0px;color:#ffffff; padding:21px;\" rel=\"noopener\">For the love of food<\/a>\n  <\/div>\n<\/div>\n<\/div>\n\n\n\n<div class=\"wp-block-column is-layout-flow wp-block-column-is-layout-flow\">\n<figure class=\"wp-block-image size-large\"><img decoding=\"async\" width=\"1024\" height=\"683\" src=\"https:\/\/residencessoleil.ca\/wp-content\/uploads\/2023\/11\/Jour-1-Employes0260-1024x683.jpg\" alt=\"\" class=\"wp-image-17181\" srcset=\"https:\/\/residencessoleil.ca\/wp-content\/uploads\/2023\/11\/Jour-1-Employes0260-1024x683.jpg 1024w, https:\/\/residencessoleil.ca\/wp-content\/uploads\/2023\/11\/Jour-1-Employes0260-300x200.jpg 300w, https:\/\/residencessoleil.ca\/wp-content\/uploads\/2023\/11\/Jour-1-Employes0260-768x512.jpg 768w, https:\/\/residencessoleil.ca\/wp-content\/uploads\/2023\/11\/Jour-1-Employes0260-1536x1024.jpg 1536w, https:\/\/residencessoleil.ca\/wp-content\/uploads\/2023\/11\/Jour-1-Employes0260.jpg 1920w\" sizes=\"(max-width: 1024px) 100vw, 1024px\" \/><\/figure>\n\n\n\n<div style=\"height:50px\" aria-hidden=\"true\" class=\"wp-block-spacer\"><\/div>\n\n\n\n<div style=\"display: flex; justify-content: center;\">\n  <div class=\"wp-block-button has-custom-width wp-block-button__width-75 has-custom-font-size is-style-fill has-small-font-size\">\n    <a class=\"wp-block-button__link has-primary-background-color has-text-color has-background has-link-color wp-element-button\" href=\"https:\/\/residencessoleil.ca\/en\/life-in-residence\/care-and-services\/\" target=\"_blank\" style=\"border-radius:0px;color:#ffffff; padding:21px;\" rel=\"noopener\">Care and services<\/a>\n  <\/div>\n<\/div>\n<\/div>\n\n\n\n<div class=\"wp-block-column is-layout-flow wp-block-column-is-layout-flow\">\n<figure class=\"wp-block-image size-full\"><img decoding=\"async\" width=\"1024\" height=\"683\" src=\"https:\/\/residencessoleil.ca\/wp-content\/uploads\/2024\/03\/La-vie-en-residences.png\" alt=\"\" class=\"wp-image-21985\" srcset=\"https:\/\/residencessoleil.ca\/wp-content\/uploads\/2024\/03\/La-vie-en-residences.png 1024w, https:\/\/residencessoleil.ca\/wp-content\/uploads\/2024\/03\/La-vie-en-residences-300x200.png 300w, https:\/\/residencessoleil.ca\/wp-content\/uploads\/2024\/03\/La-vie-en-residences-768x512.png 768w\" sizes=\"(max-width: 1024px) 100vw, 1024px\" \/><\/figure>\n\n\n\n<div style=\"height:50px\" aria-hidden=\"true\" class=\"wp-block-spacer\"><\/div>\n\n\n\n<div style=\"display: flex; justify-content: center;\">\n  <div class=\"wp-block-button has-custom-width wp-block-button__width-75 has-custom-font-size is-style-fill has-small-font-size\">\n    <a class=\"wp-block-button__link has-primary-background-color has-text-color has-background has-link-color wp-element-button\" href=\"https:\/\/residencessoleil.ca\/en\/life-in-residence\/leisure-and-activities\/\" target=\"_blank\" style=\"border-radius:0px;color:#ffffff; padding:21px;\" rel=\"noopener\">Leisure and activities<\/a>\n  <\/div>\n<\/div>\n<\/div>\n\n\n\n<div class=\"wp-block-column is-layout-flow wp-block-column-is-layout-flow\"><\/div>\n<\/div>\n\n\n\n<div style=\"height:10px\" aria-hidden=\"true\" class=\"wp-block-spacer\"><\/div>\n<\/div>\n<\/div>\n\n\n\n<div style=\"height:10px\" aria-hidden=\"true\" class=\"wp-block-spacer\"><\/div>\n\n\n\n<div class=\"wp-block-columns alignfull is-layout-flex wp-container-core-columns-is-layout-6 wp-block-columns-is-layout-flex\">\n<div class=\"wp-block-column is-layout-flow wp-block-column-is-layout-flow\">\n<div class=\"wp-block-columns alignfull is-layout-flex wp-container-core-columns-is-layout-5 wp-block-columns-is-layout-flex\">\n<div class=\"wp-block-column is-layout-flow wp-block-column-is-layout-flow\"><\/div>\n\n\n\n<div class=\"wp-block-column is-layout-flow wp-block-column-is-layout-flow\">\n<figure class=\"wp-block-image size-large\"><img decoding=\"async\" width=\"1024\" height=\"683\" src=\"https:\/\/residencessoleil.ca\/wp-content\/uploads\/2020\/09\/Jour-1-Employes0377-1024x683.jpg\" alt=\"\" class=\"wp-image-20502\" srcset=\"https:\/\/residencessoleil.ca\/wp-content\/uploads\/2020\/09\/Jour-1-Employes0377-1024x683.jpg 1024w, https:\/\/residencessoleil.ca\/wp-content\/uploads\/2020\/09\/Jour-1-Employes0377-300x200.jpg 300w, https:\/\/residencessoleil.ca\/wp-content\/uploads\/2020\/09\/Jour-1-Employes0377-768x512.jpg 768w, https:\/\/residencessoleil.ca\/wp-content\/uploads\/2020\/09\/Jour-1-Employes0377-1536x1024.jpg 1536w, https:\/\/residencessoleil.ca\/wp-content\/uploads\/2020\/09\/Jour-1-Employes0377.jpg 1920w\" sizes=\"(max-width: 1024px) 100vw, 1024px\" \/><\/figure>\n\n\n\n<div style=\"height:50px\" aria-hidden=\"true\" class=\"wp-block-spacer\"><\/div>\n\n\n\n<div style=\"display: flex; justify-content: center;\">\n  <div class=\"wp-block-button has-custom-width wp-block-button__width-75 has-custom-font-size is-style-fill has-small-font-size\">\n    <a class=\"wp-block-button__link has-primary-background-color has-text-color has-background has-link-color wp-element-button\" href=\"https:\/\/residencessoleil.ca\/en\/life-in-residence\/security\/\" target=\"_blank\" style=\"border-radius:0px;color:#ffffff; padding:21px;\" rel=\"noopener\">Security<\/a>\n  <\/div>\n<\/div>\n<\/div>\n\n\n\n<div class=\"wp-block-column is-layout-flow wp-block-column-is-layout-flow\">\n<figure class=\"wp-block-image size-large\"><img decoding=\"async\" width=\"1920\" height=\"1279\" src=\"https:\/\/residencessoleil.ca\/wp-content\/uploads\/2024\/02\/Conseillere-hebergement_Portrait-avec-client_4243-copie-edited.jpg\" alt=\"\" class=\"wp-image-20579\" srcset=\"https:\/\/residencessoleil.ca\/wp-content\/uploads\/2024\/02\/Conseillere-hebergement_Portrait-avec-client_4243-copie-edited.jpg 1920w, https:\/\/residencessoleil.ca\/wp-content\/uploads\/2024\/02\/Conseillere-hebergement_Portrait-avec-client_4243-copie-edited-300x200.jpg 300w, https:\/\/residencessoleil.ca\/wp-content\/uploads\/2024\/02\/Conseillere-hebergement_Portrait-avec-client_4243-copie-edited-1024x682.jpg 1024w, https:\/\/residencessoleil.ca\/wp-content\/uploads\/2024\/02\/Conseillere-hebergement_Portrait-avec-client_4243-copie-edited-768x512.jpg 768w, https:\/\/residencessoleil.ca\/wp-content\/uploads\/2024\/02\/Conseillere-hebergement_Portrait-avec-client_4243-copie-edited-1536x1023.jpg 1536w\" sizes=\"(max-width: 1920px) 100vw, 1920px\" \/><\/figure>\n\n\n\n<div style=\"height:50px\" aria-hidden=\"true\" class=\"wp-block-spacer\"><\/div>\n\n\n\n<div style=\"display: flex; justify-content: center;\">\n  <div class=\"wp-block-button has-custom-width wp-block-button__width-75 has-custom-font-size is-style-fill has-small-font-size\">\n    <a class=\"wp-block-button__link has-primary-background-color has-text-color has-background has-link-color wp-element-button\" href=\"https:\/\/residencessoleil.ca\/en\/life-in-residence\/subsidies-and-financial-help\/\" target=\"_blank\" style=\"border-radius:0px;color:#ffffff; padding:21px;\" rel=\"noopener\">Subsidies and financial help<\/a>\n  <\/div>\n<\/div>\n<\/div>\n\n\n\n<div class=\"wp-block-column is-layout-flow wp-block-column-is-layout-flow\">\n<figure class=\"wp-block-image size-large\"><img decoding=\"async\" width=\"1024\" height=\"683\" src=\"https:\/\/residencessoleil.ca\/wp-content\/uploads\/2024\/02\/Jour-1-Employes0643-1024x683.jpg\" alt=\"\" class=\"wp-image-20561\" srcset=\"https:\/\/residencessoleil.ca\/wp-content\/uploads\/2024\/02\/Jour-1-Employes0643-1024x683.jpg 1024w, https:\/\/residencessoleil.ca\/wp-content\/uploads\/2024\/02\/Jour-1-Employes0643-300x200.jpg 300w, https:\/\/residencessoleil.ca\/wp-content\/uploads\/2024\/02\/Jour-1-Employes0643-768x512.jpg 768w, https:\/\/residencessoleil.ca\/wp-content\/uploads\/2024\/02\/Jour-1-Employes0643-1536x1024.jpg 1536w, https:\/\/residencessoleil.ca\/wp-content\/uploads\/2024\/02\/Jour-1-Employes0643.jpg 1920w\" sizes=\"(max-width: 1024px) 100vw, 1024px\" \/><\/figure>\n\n\n\n<div style=\"height:50px\" aria-hidden=\"true\" class=\"wp-block-spacer\"><\/div>\n\n\n\n<div style=\"display: flex; justify-content: center;\">\n  <div class=\"wp-block-button has-custom-width wp-block-button__width-75 has-custom-font-size is-style-fill has-small-font-size\">\n    <a class=\"wp-block-button__link has-primary-background-color has-text-color has-background has-link-color wp-element-button\" href=\"https:\/\/residencessoleil.ca\/en\/life-in-residence\/unique-programs\/\" target=\"_blank\" style=\"border-radius:0px;color:#ffffff; padding:21px;\" rel=\"noopener\">Unique programs<\/a>\n  <\/div>\n<\/div>\n<\/div>\n\n\n\n<div class=\"wp-block-column is-layout-flow wp-block-column-is-layout-flow\"><\/div>\n<\/div>\n<\/div>\n<\/div>\n\n\n\n<div style=\"height:10px\" aria-hidden=\"true\" class=\"wp-block-spacer\"><\/div>\n\n\n\n<div class=\"wp-block-columns alignfull is-layout-flex wp-container-core-columns-is-layout-8 wp-block-columns-is-layout-flex\">\n<div class=\"wp-block-column is-layout-flow wp-block-column-is-layout-flow\">\n<div class=\"wp-block-columns alignfull is-layout-flex wp-container-core-columns-is-layout-7 wp-block-columns-is-layout-flex\">\n<div class=\"wp-block-column is-layout-flow wp-block-column-is-layout-flow\"><\/div>\n\n\n\n<div class=\"wp-block-column is-layout-flow wp-block-column-is-layout-flow\"><\/div>\n\n\n\n<div class=\"wp-block-column is-layout-flow wp-block-column-is-layout-flow\">\n<figure class=\"wp-block-image size-large\"><img decoding=\"async\" width=\"1024\" height=\"683\" src=\"https:\/\/residencessoleil.ca\/wp-content\/uploads\/2024\/02\/Balcon_5136-1024x683.jpg\" alt=\"\" class=\"wp-image-20565\" srcset=\"https:\/\/residencessoleil.ca\/wp-content\/uploads\/2024\/02\/Balcon_5136-1024x683.jpg 1024w, https:\/\/residencessoleil.ca\/wp-content\/uploads\/2024\/02\/Balcon_5136-300x200.jpg 300w, https:\/\/residencessoleil.ca\/wp-content\/uploads\/2024\/02\/Balcon_5136-768x512.jpg 768w, https:\/\/residencessoleil.ca\/wp-content\/uploads\/2024\/02\/Balcon_5136-1536x1024.jpg 1536w, https:\/\/residencessoleil.ca\/wp-content\/uploads\/2024\/02\/Balcon_5136.jpg 1920w\" sizes=\"(max-width: 1024px) 100vw, 1024px\" \/><\/figure>\n\n\n\n<div style=\"height:50px\" aria-hidden=\"true\" class=\"wp-block-spacer\"><\/div>\n\n\n\n<div style=\"display: flex; justify-content: center;\">\n  <div class=\"wp-block-button has-custom-width wp-block-button__width-75 has-custom-font-size is-style-fill has-small-font-size\">\n    <a class=\"wp-block-button__link has-primary-background-color has-text-color has-background has-link-color wp-element-button\" href=\"https:\/\/residencessoleil.ca\/en\/life-in-residence\/short-term-stays\/\" target=\"_blank\" style=\"border-radius:0px;color:#ffffff; padding:21px;\" rel=\"noopener\">Short term stay<\/a>\n  <\/div>\n<\/div>\n<\/div>\n\n\n\n<div class=\"wp-block-column is-layout-flow wp-block-column-is-layout-flow\">\n<figure class=\"wp-block-image size-large\"><img decoding=\"async\" width=\"1024\" height=\"683\" src=\"https:\/\/residencessoleil.ca\/wp-content\/uploads\/2024\/02\/Salon-internet_3748-1024x683.jpg\" alt=\"\" class=\"wp-image-20567\" srcset=\"https:\/\/residencessoleil.ca\/wp-content\/uploads\/2024\/02\/Salon-internet_3748-1024x683.jpg 1024w, https:\/\/residencessoleil.ca\/wp-content\/uploads\/2024\/02\/Salon-internet_3748-300x200.jpg 300w, https:\/\/residencessoleil.ca\/wp-content\/uploads\/2024\/02\/Salon-internet_3748-768x512.jpg 768w, https:\/\/residencessoleil.ca\/wp-content\/uploads\/2024\/02\/Salon-internet_3748-1536x1024.jpg 1536w, https:\/\/residencessoleil.ca\/wp-content\/uploads\/2024\/02\/Salon-internet_3748.jpg 1920w\" sizes=\"(max-width: 1024px) 100vw, 1024px\" \/><\/figure>\n\n\n\n<div style=\"height:50px\" aria-hidden=\"true\" class=\"wp-block-spacer\"><\/div>\n\n\n\n<div style=\"display: flex; justify-content: center;\">\n  <div class=\"wp-block-button has-custom-width wp-block-button__width-75 has-custom-font-size is-style-fill has-small-font-size\">\n    <a class=\"wp-block-button__link has-primary-background-color has-text-color has-background has-link-color wp-element-button\" href=\"https:\/\/residencessoleil.ca\/en\/life-in-residence\/faq\/\" target=\"_blank\" style=\"border-radius:0px;color:#ffffff; padding:21px;\" rel=\"noopener\">Frequently asked questions<\/a>\n  <\/div>\n<\/div>\n<\/div>\n\n\n\n<div class=\"wp-block-column is-layout-flow wp-block-column-is-layout-flow\"><\/div>\n\n\n\n<div class=\"wp-block-column is-layout-flow wp-block-column-is-layout-flow\"><\/div>\n<\/div>\n<\/div>\n<\/div>\n\n\n\n<div style=\"height:10px\" aria-hidden=\"true\" class=\"wp-block-spacer\"><\/div>\n\n\n\n<div class=\"wp-block-columns alignfull is-layout-flex wp-container-core-columns-is-layout-9 wp-block-columns-is-layout-flex\">\n<div class=\"wp-block-column is-layout-flow wp-block-column-is-layout-flow\">\n<div class=\"block-booking-banner alignfull\">\n  <div class=\"container booking-banner__inner\">\n    <div class=\"booking-banner__columns\">\n      <div class=\"booking-banner__col--header\">\n        <div class=\"booking-banner__header__titles\">\n                      <strong class=\"booking-banner__title\">Got a question to ask? A visit to plan? <\/strong>\n                                <p class=\"booking-banner__tagline\"> Visit us every day from 9 a.m. to 5 p.m., or by appointment at the time of your choice without commitment of your part!<\/p>\n                  <\/div>\n                  <a href=\"https:\/\/residencessoleil.ca\/en\/book-your-visit\/\" class=\"btn btn-icon color-dark\"\n                              >\n            <div class=\"btn-inner\">\n                              <i class=\"icon icon-calendar1\" aria-hidden=\"true\"><\/i>\n                            <span>Book your visit<\/span>\n            <\/div>\n          <\/a>\n              <\/div>\n              <div class=\"booking-banner__col--steps\">\n                      <div class=\"booking-banner__step\">\n                              <div class=\"booking-banner__step__icon\">\n                  <i class=\"icon icon-appartement\"><\/i>\n                <\/div>\n                                            <p class=\"booking-banner__step__label\">Find the residence of your choice<\/p>\n                          <\/div>\n                      <div class=\"booking-banner__step\">\n                              <div class=\"booking-banner__step__icon\">\n                  <i class=\"icon icon-contact-advisor\"><\/i>\n                <\/div>\n                                            <p class=\"booking-banner__step__label\">Contact an accommodation counsellor<\/p>\n                          <\/div>\n                      <div class=\"booking-banner__step\">\n                              <div class=\"booking-banner__step__icon\">\n                  <i class=\"icon icon-calendar1\"><\/i>\n                <\/div>\n                                            <p class=\"booking-banner__step__label\">Visit the residence<\/p>\n                          <\/div>\n                      <div class=\"booking-banner__step\">\n                              <div class=\"booking-banner__step__icon\">\n                  <i class=\"icon icon-short-trip\"><\/i>\n                <\/div>\n                                            <p class=\"booking-banner__step__label\">Move in!<\/p>\n                          <\/div>\n                  <\/div>\n          <\/div>\n      <\/div>\n<\/div>\n<\/div>\n<\/div>\n\n\n\n  <div class=\"block-certifications-carousel alignfull\">\n    <div class=\"block-certifications-carousel__inner container\">\n      <h2 class=\"heading-size-4 certifications-carousel__title\">Certifications and distinctions<\/h2>\n      <div class=\"certifications-carousel__carousel-wrapper\">\n        <div class=\"certifications-carousel__carousel\">\n                      \n<div class=\"certifications__item\">\n\n  <a class=\"certifications__item__inner\" href=\"https:\/\/www.bestmanagedcompanies.ca\/\" target=\"_blank\" rel=\"noopener noreferrer\">\n\n      <div class=\"certifications__item__logo\">\n      <img decoding=\"async\" width=\"1920\" height=\"1070\" src=\"https:\/\/residencessoleil.ca\/wp-content\/uploads\/2025\/05\/Logo_Ang_SLMG_2025_Png.png\" class=\"attachment-post-thumbnail size-post-thumbnail wp-post-image\" alt=\"\" \/>    <\/div>\n  \n  <p class=\"certifications__item__title\">Best Managed Companies in Canada for 22 years<\/p>\n\n  <\/a>\n\n<\/div>\n                      \n<div class=\"certifications__item\">\n\n  <a class=\"certifications__item__inner\" href=\"https:\/\/www.ccaward.com\" target=\"_blank\" rel=\"noopener noreferrer\">\n\n      <div class=\"certifications__item__logo\">\n      <img decoding=\"async\" width=\"1387\" height=\"1920\" src=\"https:\/\/residencessoleil.ca\/wp-content\/uploads\/2025\/12\/23-Years_Greater-Montreal_2026.png\" class=\"attachment-post-thumbnail size-post-thumbnail wp-post-image\" alt=\"\" \/>    <\/div>\n  \n  <p class=\"certifications__item__title\">Consumer&#8217;s Choice for 23 years, Private seniors&#8217; residences category<\/p>\n\n  <\/a>\n\n<\/div>\n                      \n<div class=\"certifications__item\">\n\n  <a class=\"certifications__item__inner\" href=\"https:\/\/www.rqra.qc.ca\/\" target=\"_blank\" rel=\"noopener noreferrer\">\n\n      <div class=\"certifications__item__logo\">\n      <img decoding=\"async\" width=\"814\" height=\"814\" src=\"https:\/\/residencessoleil.ca\/wp-content\/uploads\/2020\/09\/LogoRQRA_Les-Re\u0301sidences-Soleil_Membre_2025-2026.jpg\" class=\"attachment-post-thumbnail size-post-thumbnail wp-post-image\" alt=\"\" \/>    <\/div>\n  \n  <p class=\"certifications__item__title\">Member of Regroupement qu\u00e9b\u00e9cois des r\u00e9sidences pour a\u00een\u00e9s (RQRA) since the creation of the certification<\/p>\n\n  <\/a>\n\n<\/div>\n                      \n<div class=\"certifications__item\">\n\n  <div class=\"certifications__item__inner\">\n\n      <div class=\"certifications__item__logo\">\n      <img decoding=\"async\" width=\"150\" height=\"150\" src=\"https:\/\/residencessoleil.ca\/wp-content\/uploads\/2020\/09\/residence-certifiee-1.png\" class=\"attachment-post-thumbnail size-post-thumbnail wp-post-image\" alt=\"\" \/>    <\/div>\n  \n  <p class=\"certifications__item__title\">Residences certified by the Quebec Ministry of Health and Social Services, since the creation of the certification<\/p>\n\n  <\/div>\n\n<\/div>\n                  <\/div>\n      <\/div>\n    <\/div>\n  <\/div>\n","protected":false},"excerpt":{"rendered":"<p>Life at Les R\u00e9sidences Soleil Live each day at your own pace and with people who understand you and are like you. Life at Les R\u00e9sidences Soleil means living without stress and with fulfillment in order to enjoy all these beautiful years to come! Download the general documentation For the love of food Care and &hellip;<\/p>\n","protected":false},"author":2,"featured_media":0,"parent":0,"menu_order":0,"comment_status":"closed","ping_status":"closed","template":"","meta":{"_acf_changed":false,"om_disable_all_campaigns":false,"_relevanssi_hide_post":"","_relevanssi_hide_content":"","_relevanssi_pin_for_all":"","_relevanssi_pin_keywords":"","_relevanssi_unpin_keywords":"","_relevanssi_related_keywords":"","_relevanssi_related_include_ids":"","_relevanssi_related_exclude_ids":"","_relevanssi_related_no_append":"","_relevanssi_related_not_related":"","_relevanssi_related_posts":"1586,1594,1639,1584,1546,1542","_relevanssi_noindex_reason":"","footnotes":""},"global_category":[],"class_list":["post-4228","page","type-page","status-publish","hentry"],"acf":[],"_links":{"self":[{"href":"https:\/\/residencessoleil.ca\/en\/wp-json\/wp\/v2\/pages\/4228","targetHints":{"allow":["GET"]}}],"collection":[{"href":"https:\/\/residencessoleil.ca\/en\/wp-json\/wp\/v2\/pages"}],"about":[{"href":"https:\/\/residencessoleil.ca\/en\/wp-json\/wp\/v2\/types\/page"}],"author":[{"embeddable":true,"href":"https:\/\/residencessoleil.ca\/en\/wp-json\/wp\/v2\/users\/2"}],"replies":[{"embeddable":true,"href":"https:\/\/residencessoleil.ca\/en\/wp-json\/wp\/v2\/comments?post=4228"}],"version-history":[{"count":8,"href":"https:\/\/residencessoleil.ca\/en\/wp-json\/wp\/v2\/pages\/4228\/revisions"}],"predecessor-version":[{"id":36995,"href":"https:\/\/residencessoleil.ca\/en\/wp-json\/wp\/v2\/pages\/4228\/revisions\/36995"}],"wp:attachment":[{"href":"https:\/\/residencessoleil.ca\/en\/wp-json\/wp\/v2\/media?parent=4228"}],"wp:term":[{"taxonomy":"global_category","embeddable":true,"href":"https:\/\/residencessoleil.ca\/en\/wp-json\/wp\/v2\/global_category?post=4228"}],"curies":[{"name":"wp","href":"https:\/\/api.w.org\/{rel}","templated":true}]}}