{"id":4238,"date":"2020-08-25T13:47:46","date_gmt":"2020-08-25T13:47:46","guid":{"rendered":"https:\/\/residencessoleil.ca\/la-vie-en-residence\/soins-et-services\/"},"modified":"2025-06-18T16:02:43","modified_gmt":"2025-06-18T21:02:43","slug":"care-and-services","status":"publish","type":"page","link":"https:\/\/residencessoleil.ca\/en\/life-in-residence\/care-and-services\/","title":{"rendered":"Care and services"},"content":{"rendered":"\n<div class=\"wp-block-columns is-layout-flex wp-container-core-columns-is-layout-1 wp-block-columns-is-layout-flex\">\n<div class=\"wp-block-column is-layout-flow wp-block-column-is-layout-flow\">\n<h1 class=\"wp-block-heading has-text-align-center\"><mark style=\"background-color:rgba(0, 0, 0, 0);color:#158dce\" class=\"has-inline-color\">Care and services<\/mark><\/h1>\n\n\n\n<p class=\"has-text-align-center has-large-font-size\"><strong>With our care and supplementary services schedule offering over 75 services, we give our residents the flexibility to choose recurring services payable monthly with the rent and\/or punctual services. You can also receive your care services at the residence clinic or in the comfort of your apartment. Our care and services are available <em>\u00e0 la carte <\/em>as an option.<\/strong><\/p>\n<\/div>\n<\/div>\n\n\n\n<div class=\"wp-block-columns is-layout-flex wp-container-core-columns-is-layout-2 wp-block-columns-is-layout-flex\">\n<div class=\"wp-block-column is-layout-flow wp-block-column-is-layout-flow\">\n<div style=\"display: flex; justify-content: center;\">\n  <div class=\"wp-block-button has-custom-width wp-block-button__width-75 has-custom-font-size is-style-fill has-small-font-size\">\n    <a class=\"wp-block-button__link\" href=\"https:\/\/residencessoleil.ca\/en\/download-our-price-list-care-and-services\/\" target=\"_blank\" style=\"background-color:#FCDC12; color:#000000; border-radius:0px; padding:21px; text-decoration: none; display: inline-block;\" onmouseover=\"this.style.color='#ffffff';\" onmouseout=\"this.style.color='#000000';\" rel=\"noopener\">\n      Download our price chart: care and services\n    <\/a>\n  <\/div>\n<\/div>\n<\/div>\n<\/div>\n\n\n\n<div class=\"wp-block-group\"><div class=\"wp-block-group__inner-container is-layout-constrained wp-block-group-is-layout-constrained\">\n<h3 class=\"wp-block-heading\"><strong><font color=\"#0090d7\">Offer yourself an evolving retirement<\/font><\/strong><\/h3>\n\n\n\n<div class=\"wp-block-columns is-layout-flex wp-container-core-columns-is-layout-3 wp-block-columns-is-layout-flex\">\n<div class=\"wp-block-column is-layout-flow wp-block-column-is-layout-flow\">\n<p class=\"has-large-font-size\">At<strong> <a href=\"https:\/\/residencessoleil.ca\/en\/our-residences\/\" target=\"_blank\" rel=\"noreferrer noopener\">Les R\u00e9sidences Soleil<\/a>, our flexible and evolving care model <\/strong>allows us to meet your needs quickly and efficiently. We all have days that are more challenging than others\u2014whether it\u2019s a short illness, recovering from surgery, or simply needing a little extra support. Sometimes, a helping hand is all it takes to regain your strength.<\/p>\n\n\n\n<p class=\"has-large-font-size\">Our <a href=\"https:\/\/residencessoleil.ca\/en\/download-our-price-list-care-and-services\/\" target=\"_blank\" rel=\"noreferrer noopener\">care and services are offered <em>\u00e0 la carte<\/em><\/a>, based on a detailed service grid rather than fixed care hours. This approach ensures transparency and peace of mind when planning your support. Services are available in the comfort and privacy of your apartment or at our health office.<br><br>Our service grid includes over 75 options across a wide range of categories\u2014from nursing and healthcare to hygiene and personal assistance. You can add services to your lease or request them on a temporary basis.<\/p>\n\n\n\n<p class=\"has-large-font-size\"><strong><font color=\"#0090d7\">You only pay for what you need, when you need it!<\/font><\/strong><\/p>\n<\/div>\n\n\n\n<div class=\"wp-block-column is-layout-flow wp-block-column-is-layout-flow\">\n<figure class=\"wp-block-image size-large\"><img decoding=\"async\" width=\"1024\" height=\"683\" src=\"https:\/\/residencessoleil.ca\/wp-content\/uploads\/2021\/02\/A_Couple_LAV-4-1024x683.jpg\" alt=\"r\u00e9sident heureux dans nos r\u00e9sidences pour personnes \u00e2g\u00e9es\" class=\"wp-image-10344\" srcset=\"https:\/\/residencessoleil.ca\/wp-content\/uploads\/2021\/02\/A_Couple_LAV-4-1024x683.jpg 1024w, https:\/\/residencessoleil.ca\/wp-content\/uploads\/2021\/02\/A_Couple_LAV-4-300x200.jpg 300w, https:\/\/residencessoleil.ca\/wp-content\/uploads\/2021\/02\/A_Couple_LAV-4-768x512.jpg 768w, https:\/\/residencessoleil.ca\/wp-content\/uploads\/2021\/02\/A_Couple_LAV-4-1536x1024.jpg 1536w, https:\/\/residencessoleil.ca\/wp-content\/uploads\/2021\/02\/A_Couple_LAV-4.jpg 1920w\" sizes=\"(max-width: 1024px) 100vw, 1024px\" \/><\/figure>\n<\/div>\n<\/div>\n<\/div><\/div>\n\n\n\n<div class=\"wp-block-group\"><div class=\"wp-block-group__inner-container is-layout-constrained wp-block-group-is-layout-constrained\">\n<h3 style=\"color:#158dce\"><strong>Immediate assistance free of charge<\/strong><\/h3>\n\n\n\n<div class=\"wp-block-columns is-layout-flex wp-container-core-columns-is-layout-4 wp-block-columns-is-layout-flex\">\n<div class=\"wp-block-column is-layout-flow wp-block-column-is-layout-flow\">\n<figure class=\"wp-block-image size-large\"><img decoding=\"async\" width=\"1024\" height=\"637\" src=\"https:\/\/residencessoleil.ca\/wp-content\/uploads\/2021\/10\/A_Infirmiere_STL-3-2_bis4-1-1024x637.jpg\" alt=\"\" class=\"wp-image-12361\" srcset=\"https:\/\/residencessoleil.ca\/wp-content\/uploads\/2021\/10\/A_Infirmiere_STL-3-2_bis4-1-1024x637.jpg 1024w, https:\/\/residencessoleil.ca\/wp-content\/uploads\/2021\/10\/A_Infirmiere_STL-3-2_bis4-1-300x187.jpg 300w, https:\/\/residencessoleil.ca\/wp-content\/uploads\/2021\/10\/A_Infirmiere_STL-3-2_bis4-1-768x478.jpg 768w, https:\/\/residencessoleil.ca\/wp-content\/uploads\/2021\/10\/A_Infirmiere_STL-3-2_bis4-1-1536x956.jpg 1536w, https:\/\/residencessoleil.ca\/wp-content\/uploads\/2021\/10\/A_Infirmiere_STL-3-2_bis4-1.jpg 1620w\" sizes=\"(max-width: 1024px) 100vw, 1024px\" \/><\/figure>\n<\/div>\n\n\n\n<div class=\"wp-block-column is-layout-flow wp-block-column-is-layout-flow\">\n<p class=\"has-large-font-size\"><strong>Immediate assistance <\/strong>when you need it\u2014peace of mind for you and your loved ones! Say goodbye to stress and enjoy the peace of knowing that help is always available, day or night\u2014all while maintaining your full independence.<\/p>\n\n\n\n<p class=\"has-large-font-size\">All of our apartments, bathrooms, and common areas are equipped with emergency call systems connected directly to the front desk. A receptionist and on-site care staff are present 24\/7 in each of our residences. If you feel unwell or face an emergency, you can rest assured\u2014a team member will respond right away.<\/p>\n\n\n\n<p class=\"has-large-font-size\"><strong><font color=\"#0090d7\">This level of safety is essential to us, so you can enjoy your retirement with complete peace of mind.<\/font> <\/strong><\/p>\n<\/div>\n<\/div>\n<\/div><\/div>\n\n\n\n<div class=\"wp-block-columns is-layout-flex wp-container-core-columns-is-layout-5 wp-block-columns-is-layout-flex\">\n<div class=\"wp-block-column is-layout-flow wp-block-column-is-layout-flow\">\n<div style=\"display: flex; justify-content: right;\">\n  <div class=\"wp-block-button has-custom-width wp-block-button__width-75 has-custom-font-size is-style-fill has-small-font-size\">\n    <a class=\"wp-block-button__link has-primary-background-color has-text-color has-background has-link-color wp-element-button\"href=\"https:\/\/residencessoleil.ca\/en\/book-your-visit\/\" target=\"_blank\" style=\"border-radius:0px;color:#ffffff; padding:21px;\" rel=\"noopener\">Contact us for more details<\/a>\n  <\/div>\n<\/div>\n<\/div>\n<\/div>\n\n\n\n<h3 style=\"color:#158dce\"><strong>Our care sections and units <\/strong><\/h3>\n\n\n\n<div class=\"wp-block-columns is-layout-flex wp-container-core-columns-is-layout-6 wp-block-columns-is-layout-flex\">\n<div class=\"wp-block-column is-layout-flow wp-block-column-is-layout-flow\">\n<p class=\"has-large-font-size\"><a href=\"https:\/\/residencessoleil.ca\/en\/our-residences\/\" target=\"_blank\" rel=\"noreferrer noopener\">In all our residences,<\/a> a dedicated care section is located near our medical clinic to better support semi-autonomous residents who require more frequent assistance. This area includes a small dining room, adapted activities, and 24\/7 on-site care staff to ensure comfort, safety, and personalized attention.<\/p>\n\n\n\n<p class=\"has-large-font-size\">You can choose services from our full care grid, including: medication management, insulin and blood sugar monitoring, supervision, assistance with dressing and hygiene, therapeutic baths, accompaniment, meal delivery, health record follow-ups, and medication distribution management, among others.<br><br>Care packages are also available. <a href=\"https:\/\/residencessoleil.ca\/en\/book-your-visit\/\" target=\"_blank\" rel=\"noreferrer noopener\">Contact the residence<\/a> in your region for more information..<\/p>\n<\/div>\n\n\n\n<div class=\"wp-block-column is-layout-flow wp-block-column-is-layout-flow\">\n<figure class=\"wp-block-image size-large is-resized\"><img decoding=\"async\" width=\"1024\" height=\"637\" src=\"https:\/\/residencessoleil.ca\/wp-content\/uploads\/2021\/10\/A_Infirmiere_STL-3-2_bis3-1024x637.jpg\" alt=\"\" class=\"wp-image-12349\" srcset=\"https:\/\/residencessoleil.ca\/wp-content\/uploads\/2021\/10\/A_Infirmiere_STL-3-2_bis3-1024x637.jpg 1024w, https:\/\/residencessoleil.ca\/wp-content\/uploads\/2021\/10\/A_Infirmiere_STL-3-2_bis3-300x187.jpg 300w, https:\/\/residencessoleil.ca\/wp-content\/uploads\/2021\/10\/A_Infirmiere_STL-3-2_bis3-768x478.jpg 768w, https:\/\/residencessoleil.ca\/wp-content\/uploads\/2021\/10\/A_Infirmiere_STL-3-2_bis3-1536x956.jpg 1536w, https:\/\/residencessoleil.ca\/wp-content\/uploads\/2021\/10\/A_Infirmiere_STL-3-2_bis3.jpg 1620w\" sizes=\"(max-width: 1024px) 100vw, 1024px\" \/><\/figure>\n<\/div>\n<\/div>\n\n\n\n<h3 style=\"color:#158dce\"><strong>UPSoleil: Supporting Residents with Alzheimer\u2019s and Cognitive Loss <\/strong><\/h3>\n\n\n\n<div class=\"wp-block-columns is-layout-flex wp-container-core-columns-is-layout-7 wp-block-columns-is-layout-flex\">\n<div class=\"wp-block-column is-layout-flow wp-block-column-is-layout-flow\">\n<figure class=\"wp-block-image size-large\"><img decoding=\"async\" width=\"1024\" height=\"886\" src=\"https:\/\/residencessoleil.ca\/wp-content\/uploads\/2021\/10\/A_Mme_Martin_Gra_UPSoleil-4-1024x886.jpg\" alt=\"\" class=\"wp-image-12244\" srcset=\"https:\/\/residencessoleil.ca\/wp-content\/uploads\/2021\/10\/A_Mme_Martin_Gra_UPSoleil-4-1024x886.jpg 1024w, https:\/\/residencessoleil.ca\/wp-content\/uploads\/2021\/10\/A_Mme_Martin_Gra_UPSoleil-4-300x260.jpg 300w, https:\/\/residencessoleil.ca\/wp-content\/uploads\/2021\/10\/A_Mme_Martin_Gra_UPSoleil-4-768x665.jpg 768w, https:\/\/residencessoleil.ca\/wp-content\/uploads\/2021\/10\/A_Mme_Martin_Gra_UPSoleil-4-1536x1329.jpg 1536w, https:\/\/residencessoleil.ca\/wp-content\/uploads\/2021\/10\/A_Mme_Martin_Gra_UPSoleil-4.jpg 1872w\" sizes=\"(max-width: 1024px) 100vw, 1024px\" \/><\/figure>\n<\/div>\n\n\n\n<div class=\"wp-block-column is-layout-flow wp-block-column-is-layout-flow\">\n<h4 class=\"wp-block-heading\"><strong>Adapted, Secure, and Supervised Unit<\/strong><\/h4>\n\n\n\n<p class=\"has-large-font-size\"><em>UPSoleil<\/em> offers a secure and supportive environment for seniors living with cognitive challenges and loss of independence. You\u2019ll find this dedicated unit in several of our residences, including:<\/p>\n\n\n<div class=\"wp-block-list\">\n<ul class=\"wp-block-list\">\n<li class=\"has-large-font-size\"><a href=\"https:\/\/residencessoleil.ca\/en\/our-residences\/manoir-st-laurent\/\" target=\"_blank\" rel=\"noreferrer noopener\">Les R\u00e9sidences Soleil Manoir St-Laurent (Montr\u00e9al)<\/a><\/li>\n\n\n\n<li class=\"has-large-font-size\"><a href=\"https:\/\/residencessoleil.ca\/en\/our-residences\/manoir-plaza\/\" target=\"_blank\" rel=\"noreferrer noopener\">Les R\u00e9sidences Soleil Manoir Plaza (centre-ville Montr\u00e9al)<\/a><\/li>\n\n\n\n<li class=\"has-large-font-size\"><a href=\"https:\/\/residencessoleil.ca\/en\/our-residences\/manoir-brossard\/\" target=\"_blank\" rel=\"noreferrer noopener\">Les R\u00e9sidences Soleil Manoir Brossard<\/a><\/li>\n\n\n\n<li class=\"has-large-font-size\"><a href=\"https:\/\/residencessoleil.ca\/en\/our-residences\/manoir-sainte-julie\/\" target=\"_blank\" rel=\"noreferrer noopener\">Les R\u00e9sidences Soleil Manoir Sainte-Julie<\/a><\/li>\n\n\n\n<li class=\"has-large-font-size\"><a href=\"https:\/\/residencessoleil.ca\/en\/our-residences\/manoir-granby\/\" target=\"_blank\" rel=\"noreferrer noopener\">Les R\u00e9sidences Soleil Manoir Granby<\/a><\/li>\n\n\n\n<li class=\"has-large-font-size\"><a href=\"https:\/\/residencessoleil.ca\/en\/our-residences\/manoir-sherbrooke\/\" target=\"_blank\" rel=\"noreferrer noopener\">Les R\u00e9sidences Soleil Manoir Sherbrooke<\/a><\/li>\n<\/ul>\n<\/div>\n\n\n<p class=\"has-large-font-size\"><strong>In this section, we provide a safe, welcoming, and family-like environment, <\/strong>specially designed for seniors, including those with Alzheimer\u2019s or other cognitive conditions. Our approach includes personalized supervision and support within a stimulating atmosphere, ensuring residents are safe and engaged, while minimizing the risks of wandering. <br><br><strong><font color=\"#0090d7\">True to our values, families are always welcome here!<\/font><\/strong><\/p>\n<\/div>\n<\/div>\n\n\n\n  <div class=\"block-photo-gallery aligndefault\">\n    <div class=\"photo-gallery__header\">\n            <h2 class=\"photo-gallery__title\"><\/h2>\n          <\/div>\n    <div class=\"photo-gallery__gallery\">\n                      <div class=\"photo-gallery__cell\">\n          <div class=\"photo-gallery__gallery__item\">\n            <div class=\"photo-gallery__gallery__item__thumbnail\" style=\"background-image:url(https:\/\/residencessoleil.ca\/wp-content\/uploads\/2020\/09\/calin_grand-parents_petite-fille_rcesidences_soleil.jpg);\"><\/div>\n            <div class=\"photo-gallery__gallery__item__overlay\" aria-hidden=\"true\"><\/div>\n                        <a class=\"photo-gallery__gallery__item__enlarge btn btn-icon-only\" href=\"https:\/\/residencessoleil.ca\/wp-content\/uploads\/2020\/09\/calin_grand-parents_petite-fille_rcesidences_soleil.jpg\" data-fancybox=\"gallery-515\" data-caption=\"\">\n              <div class=\"btn-inner\">\n                <span class=\"sr-only\">\n                                    Enlarge image &quot;&quot;                <\/span>\n                <i class=\"icon icon-plus\" aria-hidden=\"true\"><\/i>\n              <\/div>\n            <\/a>\n          <\/div>\n        <\/div>\n                      <div class=\"photo-gallery__cell\">\n          <div class=\"photo-gallery__gallery__item\">\n            <div class=\"photo-gallery__gallery__item__thumbnail\" style=\"background-image:url(https:\/\/residencessoleil.ca\/wp-content\/uploads\/2020\/09\/1_reception.jpg);\"><\/div>\n            <div class=\"photo-gallery__gallery__item__overlay\" aria-hidden=\"true\"><\/div>\n                        <a class=\"photo-gallery__gallery__item__enlarge btn btn-icon-only\" href=\"https:\/\/residencessoleil.ca\/wp-content\/uploads\/2020\/09\/1_reception.jpg\" data-fancybox=\"gallery-515\" data-caption=\"\">\n              <div class=\"btn-inner\">\n                <span class=\"sr-only\">\n                                    Enlarge image &quot;&quot;                <\/span>\n                <i class=\"icon icon-plus\" aria-hidden=\"true\"><\/i>\n              <\/div>\n            <\/a>\n          <\/div>\n        <\/div>\n                      <div class=\"photo-gallery__cell\">\n          <div class=\"photo-gallery__gallery__item\">\n            <div class=\"photo-gallery__gallery__item__thumbnail\" style=\"background-image:url(https:\/\/residencessoleil.ca\/wp-content\/uploads\/2020\/09\/1_soins.jpg);\"><\/div>\n            <div class=\"photo-gallery__gallery__item__overlay\" aria-hidden=\"true\"><\/div>\n                        <a class=\"photo-gallery__gallery__item__enlarge btn btn-icon-only\" href=\"https:\/\/residencessoleil.ca\/wp-content\/uploads\/2020\/09\/1_soins.jpg\" data-fancybox=\"gallery-515\" data-caption=\"\">\n              <div class=\"btn-inner\">\n                <span class=\"sr-only\">\n                                    Enlarge image &quot;&quot;                <\/span>\n                <i class=\"icon icon-plus\" aria-hidden=\"true\"><\/i>\n              <\/div>\n            <\/a>\n          <\/div>\n        <\/div>\n                      <div class=\"photo-gallery__cell\">\n          <div class=\"photo-gallery__gallery__item\">\n            <div class=\"photo-gallery__gallery__item__thumbnail\" style=\"background-image:url(https:\/\/residencessoleil.ca\/wp-content\/uploads\/2020\/10\/3_Main_backflou-edited.jpg);\"><\/div>\n            <div class=\"photo-gallery__gallery__item__overlay\" aria-hidden=\"true\"><\/div>\n                        <a class=\"photo-gallery__gallery__item__enlarge btn btn-icon-only\" href=\"https:\/\/residencessoleil.ca\/wp-content\/uploads\/2020\/10\/3_Main_backflou-edited.jpg\" data-fancybox=\"gallery-515\" data-caption=\"\">\n              <div class=\"btn-inner\">\n                <span class=\"sr-only\">\n                                    Enlarge image &quot;&quot;                <\/span>\n                <i class=\"icon icon-plus\" aria-hidden=\"true\"><\/i>\n              <\/div>\n            <\/a>\n          <\/div>\n        <\/div>\n                      <div class=\"photo-gallery__cell\">\n          <div class=\"photo-gallery__gallery__item\">\n            <div class=\"photo-gallery__gallery__item__thumbnail\" style=\"background-image:url(https:\/\/residencessoleil.ca\/wp-content\/uploads\/2021\/02\/A_Couple_LAV-4.jpg);\"><\/div>\n            <div class=\"photo-gallery__gallery__item__overlay\" aria-hidden=\"true\"><\/div>\n                        <a class=\"photo-gallery__gallery__item__enlarge btn btn-icon-only\" href=\"https:\/\/residencessoleil.ca\/wp-content\/uploads\/2021\/02\/A_Couple_LAV-4.jpg\" data-fancybox=\"gallery-515\" data-caption=\"\">\n              <div class=\"btn-inner\">\n                <span class=\"sr-only\">\n                                    Enlarge image &quot;&quot;                <\/span>\n                <i class=\"icon icon-plus\" aria-hidden=\"true\"><\/i>\n              <\/div>\n            <\/a>\n          <\/div>\n        <\/div>\n                      <div class=\"photo-gallery__cell\">\n          <div class=\"photo-gallery__gallery__item\">\n            <div class=\"photo-gallery__gallery__item__thumbnail\" style=\"background-image:url(https:\/\/residencessoleil.ca\/wp-content\/uploads\/2021\/05\/DDO-2.jpg);\"><\/div>\n            <div class=\"photo-gallery__gallery__item__overlay\" aria-hidden=\"true\"><\/div>\n                        <a class=\"photo-gallery__gallery__item__enlarge btn btn-icon-only\" href=\"https:\/\/residencessoleil.ca\/wp-content\/uploads\/2021\/05\/DDO-2.jpg\" data-fancybox=\"gallery-515\" data-caption=\"\">\n              <div class=\"btn-inner\">\n                <span class=\"sr-only\">\n                                    Enlarge image &quot;&quot;                <\/span>\n                <i class=\"icon icon-plus\" aria-hidden=\"true\"><\/i>\n              <\/div>\n            <\/a>\n          <\/div>\n        <\/div>\n          <\/div>\n  <\/div>\n\n\n\n<div style=\"height:100px\" aria-hidden=\"true\" class=\"wp-block-spacer\"><\/div>\n","protected":false},"excerpt":{"rendered":"<p>Care and services With our care and supplementary services schedule offering over 75 services, we give our residents the flexibility to choose recurring services payable monthly with the rent and\/or punctual services. You can also receive your care services at the residence clinic or in the comfort of your apartment. Our care and services are &hellip;<\/p>\n","protected":false},"author":2,"featured_media":10345,"parent":4228,"menu_order":0,"comment_status":"closed","ping_status":"closed","template":"","meta":{"_acf_changed":false,"om_disable_all_campaigns":false,"_relevanssi_hide_post":"","_relevanssi_hide_content":"","_relevanssi_pin_for_all":"","_relevanssi_pin_keywords":"","_relevanssi_unpin_keywords":"","_relevanssi_related_keywords":"","_relevanssi_related_include_ids":"","_relevanssi_related_exclude_ids":"","_relevanssi_related_no_append":"","_relevanssi_related_not_related":"","_relevanssi_related_posts":"407,397,377,397,407,395","_relevanssi_noindex_reason":"","footnotes":""},"global_category":[],"class_list":["post-4238","page","type-page","status-publish","has-post-thumbnail","hentry"],"acf":[],"_links":{"self":[{"href":"https:\/\/residencessoleil.ca\/en\/wp-json\/wp\/v2\/pages\/4238","targetHints":{"allow":["GET"]}}],"collection":[{"href":"https:\/\/residencessoleil.ca\/en\/wp-json\/wp\/v2\/pages"}],"about":[{"href":"https:\/\/residencessoleil.ca\/en\/wp-json\/wp\/v2\/types\/page"}],"author":[{"embeddable":true,"href":"https:\/\/residencessoleil.ca\/en\/wp-json\/wp\/v2\/users\/2"}],"replies":[{"embeddable":true,"href":"https:\/\/residencessoleil.ca\/en\/wp-json\/wp\/v2\/comments?post=4238"}],"version-history":[{"count":8,"href":"https:\/\/residencessoleil.ca\/en\/wp-json\/wp\/v2\/pages\/4238\/revisions"}],"predecessor-version":[{"id":32139,"href":"https:\/\/residencessoleil.ca\/en\/wp-json\/wp\/v2\/pages\/4238\/revisions\/32139"}],"up":[{"embeddable":true,"href":"https:\/\/residencessoleil.ca\/en\/wp-json\/wp\/v2\/pages\/4228"}],"wp:featuredmedia":[{"embeddable":true,"href":"https:\/\/residencessoleil.ca\/en\/wp-json\/wp\/v2\/media\/10345"}],"wp:attachment":[{"href":"https:\/\/residencessoleil.ca\/en\/wp-json\/wp\/v2\/media?parent=4238"}],"wp:term":[{"taxonomy":"global_category","embeddable":true,"href":"https:\/\/residencessoleil.ca\/en\/wp-json\/wp\/v2\/global_category?post=4238"}],"curies":[{"name":"wp","href":"https:\/\/api.w.org\/{rel}","templated":true}]}}